{"id":1683,"date":"2023-06-02T05:11:49","date_gmt":"2023-06-02T05:11:49","guid":{"rendered":"https:\/\/timetorhyme.co.uk\/?page_id=1683"},"modified":"2024-06-05T11:52:57","modified_gmt":"2024-06-05T11:52:57","slug":"dobrano-afryko","status":"publish","type":"page","link":"https:\/\/timetorhyme.co.uk\/pl\/dobrano-afryko\/","title":{"rendered":"Dobranoc Afryko"},"content":{"rendered":"<p><div class=\"fusion-fullwidth fullwidth-box fusion-builder-row-1 fusion-flex-container nonhundred-percent-fullwidth non-hundred-percent-height-scrolling\" style=\"--awb-border-radius-top-left:0px;--awb-border-radius-top-right:0px;--awb-border-radius-bottom-right:0px;--awb-border-radius-bottom-left:0px;\" ><div class=\"fusion-builder-row fusion-row fusion-flex-align-items-flex-start\" style=\"max-width:1248px;margin-left: calc(-4% \/ 2 );margin-right: calc(-4% \/ 2 );\"><div class=\"fusion-layout-column fusion_builder_column fusion-builder-column-0 fusion_builder_column_2_5 2_5 fusion-flex-column\" style=\"--awb-bg-size:cover;--awb-width-large:40%;--awb-spacing-right-large:4.8%;--awb-spacing-left-large:4.8%;--awb-width-medium:40%;--awb-spacing-right-medium:4.8%;--awb-spacing-left-medium:4.8%;--awb-width-small:100%;--awb-spacing-right-small:1.92%;--awb-spacing-left-small:1.92%;\"><div class=\"fusion-column-wrapper fusion-column-has-shadow fusion-flex-justify-content-flex-start fusion-content-layout-column\"><div style=\"text-align:center;\"><a class=\"fusion-button button-flat button-xlarge button-default fusion-button-default button-1 fusion-button-span-no \" target=\"_self\" href=\"https:\/\/czytamimowiepopolsku.com\/gb\/poems\/dobranoc-afryko.html\"><span class=\"fusion-button-icon-divider button-icon-divider-left\"><i class=\"fa-cart-plus fas\" aria-hidden=\"true\"><\/i><\/span><span class=\"fusion-button-text fusion-button-text-left\">Zam\u00f3w ksi\u0105\u017ck\u0119<\/span><\/a><\/div><div class=\"fusion-separator fusion-full-width-sep\" style=\"align-self: center;margin-left: auto;margin-right: auto;margin-top:10px;margin-bottom:10px;width:100%;\"><\/div><div class=\"fusion-image-element \"><span class=\" fusion-imageframe imageframe-none imageframe-1 hover-type-none\"><img decoding=\"async\" src=\"https:\/\/wierszykidonauki.pl\/wp-content\/uploads\/2021\/05\/dobranoc-afryko-okladka-300x281.png\" alt class=\"img-responsive\"\/><\/span><\/div><\/div><\/div><div class=\"fusion-layout-column fusion_builder_column fusion-builder-column-1 fusion_builder_column_3_5 3_5 fusion-flex-column\" style=\"--awb-bg-size:cover;--awb-width-large:60%;--awb-spacing-right-large:3.2%;--awb-spacing-left-large:3.2%;--awb-width-medium:60%;--awb-spacing-right-medium:3.2%;--awb-spacing-left-medium:3.2%;--awb-width-small:100%;--awb-spacing-right-small:1.92%;--awb-spacing-left-small:1.92%;\"><div class=\"fusion-column-wrapper fusion-column-has-shadow fusion-flex-justify-content-flex-start fusion-content-layout-column\"><div class=\"fusion-text fusion-text-1\" style=\"--awb-text-transform:none;\"><p class=\"pt-4 pb-1 mb-1\">\u015aliczna usypianka dla najm\u0142odszych i troch\u0119 starszych. Wierszyk o afryka\u0144skich zwierz\u0119tach ilustrowany pi\u0119knymi akwarelami Ma\u0142gorzaty Flis. Bohaterowie s\u0105 bajkowi, ale te\u017c prawdziwi. Na przyk\u0142ad nosoro\u017c\u0105tko i jego mama. W naturze, tak samo jak w wierszyku, s\u0105 bardzo mocno ze sob\u0105 zwi\u0105zani, przez kilka pierwszych lat \u017cycia. Mama nie ma w tym czasie innych nosoro\u017c\u0105tek i wsz\u0119dzie chodz\u0105 razem.<\/p>\n<p>\u2022 Ksi\u0105\u017ceczka kartonowa.<br \/>\n\u2022 11 pi\u0119knych rozk\u0142ad\u00f3wek.<\/p>\n<\/div><div class=\"fusion-separator fusion-full-width-sep\" style=\"align-self: center;margin-left: auto;margin-right: auto;margin-top:10px;margin-bottom:10px;width:100%;\"><\/div><div class=\"fusion-title title fusion-title-1 fusion-sep-none fusion-title-center fusion-title-text fusion-title-size-two\" style=\"--awb-text-color:#8bc34a;--awb-margin-bottom:0px;--awb-margin-bottom-small:0px;--awb-font-size:22px;\"><h2 class=\"title-heading-center\" style=\"margin:0;font-size:1em;line-height:26px;\"><p style=\"text-align: center;\">\u00a314,99<\/p><\/h2><\/div><div class=\"fusion-title title fusion-title-2 fusion-sep-none fusion-title-center fusion-title-text fusion-title-size-two\" style=\"--awb-text-color:#7a7a7a;--awb-margin-bottom:10px;--awb-margin-bottom-small:0px;--awb-font-size:14px;\"><h2 class=\"title-heading-center\" style=\"margin:0;font-size:1em;line-height:16px;\"><p style=\"text-align: center;\">+ koszty wysy\u0142ki<\/p><\/h2><\/div><div class=\"fusion-separator fusion-full-width-sep\" style=\"align-self: center;margin-left: auto;margin-right: auto;margin-top:10px;margin-bottom:10px;width:100%;\"><\/div><div style=\"text-align:center;\"><a class=\"fusion-button button-flat button-xlarge button-default fusion-button-default button-2 fusion-button-span-no \" target=\"_self\" href=\"https:\/\/czytamimowiepopolsku.com\/gb\/poems\/dobranoc-afryko.html\"><span class=\"fusion-button-icon-divider button-icon-divider-left\"><i class=\"fa-cart-plus fas\" aria-hidden=\"true\"><\/i><\/span><span class=\"fusion-button-text fusion-button-text-left\">Zam\u00f3w ksi\u0105\u017ck\u0119<\/span><\/a><\/div><\/div><\/div><div class=\"fusion-layout-column fusion_builder_column fusion-builder-column-2 fusion_builder_column_1_1 1_1 fusion-flex-column\" style=\"--awb-bg-size:cover;--awb-width-large:100%;--awb-spacing-right-large:1.92%;--awb-spacing-left-large:1.92%;--awb-width-medium:100%;--awb-order-medium:0;--awb-spacing-right-medium:1.92%;--awb-spacing-left-medium:1.92%;--awb-width-small:100%;--awb-order-small:0;--awb-spacing-right-small:1.92%;--awb-spacing-left-small:1.92%;\"><div class=\"fusion-column-wrapper fusion-column-has-shadow fusion-flex-justify-content-flex-start fusion-content-layout-column\"><\/div><\/div><\/div><\/div><div class=\"fusion-fullwidth fullwidth-box fusion-builder-row-2 fusion-flex-container nonhundred-percent-fullwidth non-hundred-percent-height-scrolling\" style=\"--awb-border-radius-top-left:0px;--awb-border-radius-top-right:0px;--awb-border-radius-bottom-right:0px;--awb-border-radius-bottom-left:0px;\" ><div class=\"fusion-builder-row fusion-row fusion-flex-align-items-flex-start\" style=\"max-width:1248px;margin-left: calc(-4% \/ 2 );margin-right: calc(-4% \/ 2 );\"><div class=\"fusion-layout-column fusion_builder_column fusion-builder-column-3 fusion_builder_column_1_1 1_1 fusion-flex-column\" style=\"--awb-bg-size:cover;--awb-width-large:100%;--awb-spacing-right-large:1.92%;--awb-spacing-left-large:1.92%;--awb-width-medium:100%;--awb-spacing-right-medium:1.92%;--awb-spacing-left-medium:1.92%;--awb-width-small:100%;--awb-spacing-right-small:1.92%;--awb-spacing-left-small:1.92%;\"><div class=\"fusion-column-wrapper fusion-column-has-shadow fusion-flex-justify-content-flex-start fusion-content-layout-column\"><div class=\"fusion-title title fusion-title-3 fusion-sep-none fusion-title-center fusion-title-text fusion-title-size-three\"><h3 class=\"title-heading-center\" style=\"margin:0;\">&#8222;Dobranoc Afryko&#8221;<\/h3><\/div><div class=\"fusion-separator\" style=\"align-self: center;margin-left: auto;margin-right: auto;margin-top:5px;margin-bottom:45px;width:100%;max-width:20{2fb54608e8935309616146ed2a7de486b7968b84aded3c22ff5bc4540e9bbbc1};\"><div class=\"fusion-separator-border sep-single sep-solid\" style=\"border-color:var(--awb-color3);border-top-width:1px;\"><\/div><\/div><\/div><\/div><div class=\"fusion-layout-column fusion_builder_column fusion-builder-column-4 fusion_builder_column_1_2 1_2 fusion-flex-column\" style=\"--awb-bg-size:cover;--awb-width-large:50%;--awb-spacing-right-large:3.84%;--awb-spacing-left-large:3.84%;--awb-width-medium:50%;--awb-spacing-right-medium:3.84%;--awb-spacing-left-medium:3.84%;--awb-width-small:100%;--awb-spacing-right-small:1.92%;--awb-spacing-left-small:1.92%;\"><div class=\"fusion-column-wrapper fusion-column-has-shadow fusion-flex-justify-content-flex-start fusion-content-layout-column\"><div class=\"fusion-content-boxes content-boxes columns row fusion-columns-1 fusion-columns-total-1 fusion-content-boxes-1 content-boxes-icon-boxed content-left\" style=\"--awb-backgroundcolor:#ededed;--awb-body-color:#636363;--awb-hover-accent-color:#000000;--awb-circle-hover-accent-color:#000000;--awb-item-margin-bottom:40px;\" data-animationOffset=\"top-into-view\"><div style=\"--awb-backgroundcolor:#ededed;\" class=\"fusion-column content-box-column content-box-column content-box-column-1 col-lg-12 col-md-12 col-sm-12 fusion-content-box-hover content-box-column-last content-box-column-last-in-row\"><div class=\"col content-box-wrapper content-wrapper-background content-wrapper-boxed link-area-link-icon content-icon-wrapper-yes icon-hover-animation-none\" data-animationOffset=\"top-into-view\"><div class=\"heading heading-with-icon icon-left\"><div class=\"icon\"><span style=\"height:42px;width:42px;line-height:22px;border-color:rgba(255,255,255,0);border-width:1px;border-style:solid;background-color:#ededed;position:absolute;top:-71px;margin-left:-21px;box-sizing:content-box;border-radius:50%;\"><i style=\"border-color:#ededed;border-width:1px;background-color:#ededed;box-sizing:content-box;height:40px;width:40px;line-height:40px;border-radius:50%;position:relative;top:auto;left:auto;margin:0;border-radius:50%;font-size:20px;\" aria-hidden=\"true\" class=\"fontawesome-icon fa-quote-left fas circle-yes\"><\/i><\/span><\/div><\/div><div class=\"fusion-clearfix\"><\/div><div class=\"content-container\">\n<p>To najlepsza ksi\u0105\u017cka na dobranoc jak\u0105 widzia\u0142am. Zar\u00f3wno pod k\u0105tem dziecka jak i rodzica. Czyta si\u0119 p\u0142ynnie a dzieci bardzo ch\u0119tnie s\u0142uchaj\u0105.<br \/>\n<strong>Edyta, mama Jasia i Hani<\/strong><\/p>\n<\/div><\/div><\/div><div class=\"fusion-clearfix\"><\/div><\/div><\/div><\/div><\/div><\/div><div class=\"fusion-fullwidth fullwidth-box fusion-builder-row-3 fusion-flex-container nonhundred-percent-fullwidth non-hundred-percent-height-scrolling\" style=\"--awb-border-radius-top-left:0px;--awb-border-radius-top-right:0px;--awb-border-radius-bottom-right:0px;--awb-border-radius-bottom-left:0px;\" ><div class=\"fusion-builder-row fusion-row fusion-flex-align-items-flex-start\" style=\"max-width:1248px;margin-left: calc(-4% \/ 2 );margin-right: calc(-4% \/ 2 );\"><div class=\"fusion-layout-column fusion_builder_column fusion-builder-column-5 fusion_builder_column_1_1 1_1 fusion-flex-column\" style=\"--awb-bg-size:cover;--awb-width-large:100%;--awb-spacing-right-large:1.92%;--awb-spacing-left-large:1.92%;--awb-width-medium:100%;--awb-spacing-right-medium:1.92%;--awb-spacing-left-medium:1.92%;--awb-width-small:100%;--awb-spacing-right-small:1.92%;--awb-spacing-left-small:1.92%;\"><div class=\"fusion-column-wrapper fusion-column-has-shadow fusion-flex-justify-content-flex-start fusion-content-layout-column\"><div class=\"fusion-separator fusion-full-width-sep\" style=\"align-self: center;margin-left: auto;margin-right: auto;width:100%;\"><div class=\"fusion-separator-border sep-double\" style=\"border-color:var(--awb-color3);border-top-width:1px;border-bottom-width:1px;\"><\/div><\/div><div class=\"fusion-slider-sc\"><div class=\"fusion-flexslider-loading flexslider flexslider-hover-type-none\" data-slideshow_autoplay=\"1\" data-slideshow_smooth_height=\"0\" data-slideshow_speed=\"7000\" style=\"max-width:100%;height:100%;\"><ul class=\"slides\"><li class=\"image\"><span class=\"fusion-image-hover-element hover-type-none\"><img decoding=\"async\" src=\"https:\/\/wierszykidonauki.pl\/wp-content\/uploads\/2021\/05\/afryka-srodek-01.jpg\" class=\"wp-image-715\" \/><\/span><\/li><li class=\"image\"><span class=\"fusion-image-hover-element hover-type-none\"><img decoding=\"async\" src=\"https:\/\/wierszykidonauki.pl\/wp-content\/uploads\/2021\/05\/afryka-srodek-07.jpg\" class=\"wp-image-714\" \/><\/span><\/li><li class=\"image\"><span class=\"fusion-image-hover-element hover-type-none\"><img decoding=\"async\" src=\"https:\/\/wierszykidonauki.pl\/wp-content\/uploads\/2021\/05\/afkryka-srodek-09.jpg\" class=\"wp-image-713\" \/><\/span><\/li><\/ul><\/div><\/div><div class=\"fusion-slider-sc\"><div class=\"fusion-flexslider-loading flexslider flexslider-hover-type-none\" data-slideshow_autoplay=\"1\" data-slideshow_smooth_height=\"0\" data-slideshow_speed=\"7000\" style=\"max-width:100%;height:100%;\"><ul class=\"slides\"><li class=\"image\"><span class=\"fusion-image-hover-element hover-type-none\"><img decoding=\"async\" src=\"https:\/\/wierszykidonauki.pl\/wp-content\/uploads\/2021\/06\/okladka8.jpg\" class=\"wp-image-756\" \/><\/span><\/li><li class=\"image\"><span class=\"fusion-image-hover-element hover-type-none\"><img decoding=\"async\" src=\"https:\/\/wierszykidonauki.pl\/wp-content\/uploads\/2021\/06\/okladka9.jpg\" class=\"wp-image-757\" \/><\/span><\/li><li class=\"image\"><span class=\"fusion-image-hover-element hover-type-none\"><img decoding=\"async\" src=\"https:\/\/wierszykidonauki.pl\/wp-content\/uploads\/2021\/06\/okladka6.jpg\" class=\"wp-image-754\" \/><\/span><\/li><li class=\"image\"><span class=\"fusion-image-hover-element hover-type-none\"><img decoding=\"async\" src=\"https:\/\/wierszykidonauki.pl\/wp-content\/uploads\/2021\/06\/okladka5.jpg\" class=\"wp-image-753\" \/><\/span><\/li><li class=\"image\"><span class=\"fusion-image-hover-element hover-type-none\"><img decoding=\"async\" src=\"https:\/\/wierszykidonauki.pl\/wp-content\/uploads\/2021\/06\/okladka4.jpg\" class=\"wp-image-752\" \/><\/span><\/li><li class=\"image\"><span class=\"fusion-image-hover-element hover-type-none\"><img decoding=\"async\" src=\"https:\/\/wierszykidonauki.pl\/wp-content\/uploads\/2021\/06\/okladka3.jpg\" class=\"wp-image-751\" \/><\/span><\/li><\/ul><\/div><\/div><div class=\"fusion-separator fusion-full-width-sep\" style=\"align-self: center;margin-left: auto;margin-right: auto;width:100%;\"><div class=\"fusion-separator-border sep-double\" style=\"border-color:var(--awb-color3);border-top-width:1px;border-bottom-width:1px;\"><\/div><\/div><\/div><\/div><\/div><\/div><div class=\"fusion-fullwidth fullwidth-box fusion-builder-row-4 fusion-flex-container nonhundred-percent-fullwidth non-hundred-percent-height-scrolling\" style=\"--awb-border-radius-top-left:0px;--awb-border-radius-top-right:0px;--awb-border-radius-bottom-right:0px;--awb-border-radius-bottom-left:0px;\" ><div class=\"fusion-builder-row fusion-row fusion-flex-align-items-stretch\" style=\"max-width:1248px;margin-left: calc(-4% \/ 2 );margin-right: calc(-4% \/ 2 );\"><div class=\"fusion-layout-column fusion_builder_column fusion-builder-column-6 fusion_builder_column_1_4 1_4 fusion-flex-column\" style=\"--awb-bg-size:cover;--awb-width-large:25%;--awb-spacing-right-large:7.68%;--awb-spacing-left-large:7.68%;--awb-width-medium:25%;--awb-spacing-right-medium:7.68%;--awb-spacing-left-medium:7.68%;--awb-width-small:100%;--awb-spacing-right-small:1.92%;--awb-spacing-left-small:1.92%;\"><div class=\"fusion-column-wrapper fusion-column-has-shadow fusion-flex-justify-content-center fusion-content-layout-column\"><\/div><\/div><div class=\"fusion-layout-column fusion_builder_column fusion-builder-column-7 fusion_builder_column_1_4 1_4 fusion-flex-column\" style=\"--awb-bg-size:cover;--awb-width-large:25%;--awb-spacing-right-large:7.68%;--awb-spacing-left-large:7.68%;--awb-width-medium:25%;--awb-spacing-right-medium:7.68%;--awb-spacing-left-medium:7.68%;--awb-width-small:100%;--awb-spacing-right-small:1.92%;--awb-spacing-left-small:1.92%;\"><div class=\"fusion-column-wrapper fusion-column-has-shadow fusion-flex-justify-content-center fusion-content-layout-column\"><div class=\"fusion-image-element \" style=\"text-align:center;--awb-max-width:320px;\"><span class=\" fusion-imageframe imageframe-none imageframe-2 hover-type-none\"><img decoding=\"async\" src=\"https:\/\/wierszykidonauki.pl\/wp-content\/uploads\/2020\/03\/wrozka-ortografia.jpg\" alt class=\"img-responsive\"\/><\/span><\/div><\/div><\/div><div class=\"fusion-layout-column fusion_builder_column fusion-builder-column-8 fusion_builder_column_1_4 1_4 fusion-flex-column\" style=\"--awb-bg-size:cover;--awb-width-large:25%;--awb-spacing-right-large:7.68%;--awb-spacing-left-large:7.68%;--awb-width-medium:25%;--awb-spacing-right-medium:7.68%;--awb-spacing-left-medium:7.68%;--awb-width-small:100%;--awb-spacing-right-small:1.92%;--awb-spacing-left-small:1.92%;\"><div class=\"fusion-column-wrapper fusion-column-has-shadow fusion-flex-justify-content-center fusion-content-layout-column\"><div class=\"fusion-separator fusion-no-medium-visibility fusion-no-large-visibility fusion-full-width-sep\" style=\"align-self: center;margin-left: auto;margin-right: auto;margin-top:15px;margin-bottom:15px;width:100%;\"><\/div><div style=\"text-align:center;\"><a class=\"fusion-button button-flat button-xlarge button-default fusion-button-default button-3 fusion-button-span-no \" target=\"_self\" href=\"https:\/\/czytamimowiepopolsku.com\/gb\/poems\/dobranoc-afryko.html\"><span class=\"fusion-button-icon-divider button-icon-divider-left\"><i class=\"fa-cart-plus fas\" aria-hidden=\"true\"><\/i><\/span><span class=\"fusion-button-text fusion-button-text-left\">Zam\u00f3w ksi\u0105\u017ck\u0119<\/span><\/a><\/div><\/div><\/div><\/div><\/div><div class=\"fusion-fullwidth fullwidth-box fusion-builder-row-5 fusion-flex-container nonhundred-percent-fullwidth non-hundred-percent-height-scrolling\" style=\"--awb-border-radius-top-left:0px;--awb-border-radius-top-right:0px;--awb-border-radius-bottom-right:0px;--awb-border-radius-bottom-left:0px;\" ><div class=\"fusion-builder-row fusion-row fusion-flex-align-items-flex-start\" style=\"max-width:1248px;margin-left: calc(-4% \/ 2 );margin-right: calc(-4% \/ 2 );\"><div class=\"fusion-layout-column fusion_builder_column fusion-builder-column-9 fusion_builder_column_1_1 1_1 fusion-flex-column\" style=\"--awb-bg-size:cover;--awb-width-large:100%;--awb-spacing-right-large:1.92%;--awb-spacing-left-large:1.92%;--awb-width-medium:100%;--awb-order-medium:0;--awb-spacing-right-medium:1.92%;--awb-spacing-left-medium:1.92%;--awb-width-small:100%;--awb-order-small:0;--awb-spacing-right-small:1.92%;--awb-spacing-left-small:1.92%;\"><div class=\"fusion-column-wrapper fusion-column-has-shadow fusion-flex-justify-content-flex-start fusion-content-layout-column\"><div class=\"fusion-text fusion-text-2\" style=\"--awb-text-transform:none;\"><p><strong>Wierszyki na dobranoc dla dzieci pomagaj\u0105 w za\u015bni\u0119ciu, ale te\u017c rozwijaj\u0105 wyobra\u017ani\u0119<\/strong>. <em>Dobranoc Afryko<\/em> to \u015bliczna usypianka dla najm\u0142odszych i tych troch\u0119 starszych. Ju\u017c sama ok\u0142adka zach\u0119ca do tego, by wsp\u00f3lnie z dzieckiem wkroczy\u0107 w ten <strong>\u015bwiat pe\u0142en zwierz\u0105t, kt\u00f3re w rymowanych wierszykach na dobranoc wr\u0119cz o\u017cywaj\u0105!<\/strong><\/p>\n<h2>Wierszyki dla dzieci na dobranoc \u2014 dla ca\u0142ej rodziny<\/h2>\n<p>Rymowanki na dobranoc dla dzieci, tak jak wierszyki do nauki, zosta\u0142y napisane przez autora dla w\u0142asnych dzieci. Dzi\u0119ki temu, \u017ce je pokocha\u0142y, z pewno\u015bci\u0105 skradn\u0105 te\u017c serce Twoich! To, \u017ce dzieci ch\u0119tnie ich s\u0142uchaj\u0105, potwierdzaj\u0105 <strong>opinie klient\u00f3w, kt\u00f3rzy\u00a0wiersze na dobranoc dla dzieci z ksi\u0105\u017ceczki <em>Dobranoc Afryko<\/em> maj\u0105 ju\u017c w swojej kolekcji<\/strong>.<\/p>\n<p><strong>Kr\u00f3tkie wierszyki na dobranoc trafi\u0105 zar\u00f3wno do najm\u0142odszych, jak i starszych<\/strong>, a tak\u017ce rodzic\u00f3w. Wszystko to za spraw\u0105 bohater\u00f3w i pi\u0119knych ilustracji, kt\u00f3re przygotowa\u0142a Ma\u0142gorzata Flis.<\/p>\n<h2>Wiersze o Afryce dla dzieci<\/h2>\n<p>Proponowane przez nas wierszyki na dobranoc dla dzieci to<strong> rymowanki, kt\u00f3rych bohaterowie s\u0105 zar\u00f3wno bajkowi, jak i prawdziwi<\/strong>. Dzi\u0119ki wierszom o Afryce dla dzieci mo\u017cliwe jest przybli\u017cenie tego, jak dzikie zwierz\u0119ta zachowuj\u0105 si\u0119 w naturze. Nosoro\u017c\u0105tko i jego mama s\u0105 ze sob\u0105 bardzo mocno zwi\u0105zani i wsz\u0119dzie chodz\u0105 razem. Z wierszyk\u00f3w na dobranoc dla ma\u0142ych dzieci mo\u017cna te\u017c dowiedzie\u0107 si\u0119, \u017ce na krokodyle mo\u017cna natkn\u0105\u0107 si\u0119 w trzcinie otaczaj\u0105cej zbiornik wodny. <strong>Wszystko to uczy, \u017ce natura zwierz\u0105t jest bardzo r\u00f3\u017cnorodna i tak jak ludzie, ka\u017cdy gatunek ma swoje przyzwyczajenia<\/strong> \u2014 tak\u017ce te dotycz\u0105ce zasypiania!<\/p>\n<h2>Rymowanki na dobranoc dla dzieci i inne wierszyki<\/h2>\n<p>Je\u015bli chcesz, by Twoje dziecko ju\u017c od ma\u0142ego by\u0142o ciekawe \u015bwiata, warto korzysta\u0107 z takich pomocy jak wierszyki na dobranoc dla dzieci. <strong>Wsp\u00f3lne czytanie takich pozycji jak <em>Dobranoc Afryko<\/em> to \u015bwietna zabawa i prawdziwa przygoda dla ka\u017cdego<\/strong> \u2014 tak\u017ce rodzic\u00f3w!<\/p>\n<p>Na naszej stronie dost\u0119pne s\u0105 tak\u017ce<strong> inne wierszyki rymowane \u2014 do nauki ortografii, tabliczki mno\u017cenia i historii<\/strong>. Sta\u0142y si\u0119 one bestsellerem nie tylko w\u015br\u00f3d rodzic\u00f3w, ale te\u017c nauczycieli. Autor stworzy\u0142 je we wsp\u00f3\u0142pracy z najlepszymi ekspertami. Nale\u017cy do nich Dorota Dziamska, Maria Gudro i prof. Andrzej Nowak.<\/p>\n<p>Lektura ka\u017cdej z tych ksi\u0105\u017ceczek \u2014 tak\u017ce wierszyk\u00f3w na dobranoc dla dzieci \u2014 daje naprawd\u0119 wiele rado\u015bci i zach\u0119ca do poszerzania wiedzy. Natomiast przepi\u0119kne akwarele w wykonaniu Ma\u0142gorzaty Flis skutecznie rozwijaj\u0105 wyobra\u017ani\u0119. <strong>Wiersze na dobranoc dla dzieci <em>Dobranoc Afryko<\/em> i inne ksi\u0105\u017ceczki mo\u017cna zam\u00f3wi\u0107 na naszej stronie <\/strong>lub znale\u017a\u0107 w innych ksi\u0119garniach.<\/p>\n<\/div><\/div><\/div><\/div><\/div><div class=\"fusion-fullwidth fullwidth-box fusion-builder-row-6 fusion-flex-container nonhundred-percent-fullwidth non-hundred-percent-height-scrolling\" style=\"--awb-border-radius-top-left:0px;--awb-border-radius-top-right:0px;--awb-border-radius-bottom-right:0px;--awb-border-radius-bottom-left:0px;\" ><div class=\"fusion-builder-row fusion-row fusion-flex-align-items-flex-start\" style=\"max-width:1248px;margin-left: calc(-4% \/ 2 );margin-right: calc(-4% \/ 2 );\"><\/div><\/div><\/p>\n","protected":false},"excerpt":{"rendered":"","protected":false},"author":1,"featured_media":0,"parent":0,"menu_order":0,"comment_status":"closed","ping_status":"closed","template":"","meta":{"footnotes":""},"class_list":["post-1683","page","type-page","status-publish","hentry"],"_links":{"self":[{"href":"https:\/\/timetorhyme.co.uk\/pl\/wp-json\/wp\/v2\/pages\/1683","targetHints":{"allow":["GET"]}}],"collection":[{"href":"https:\/\/timetorhyme.co.uk\/pl\/wp-json\/wp\/v2\/pages"}],"about":[{"href":"https:\/\/timetorhyme.co.uk\/pl\/wp-json\/wp\/v2\/types\/page"}],"author":[{"embeddable":true,"href":"https:\/\/timetorhyme.co.uk\/pl\/wp-json\/wp\/v2\/users\/1"}],"replies":[{"embeddable":true,"href":"https:\/\/timetorhyme.co.uk\/pl\/wp-json\/wp\/v2\/comments?post=1683"}],"version-history":[{"count":1,"href":"https:\/\/timetorhyme.co.uk\/pl\/wp-json\/wp\/v2\/pages\/1683\/revisions"}],"predecessor-version":[{"id":1730,"href":"https:\/\/timetorhyme.co.uk\/pl\/wp-json\/wp\/v2\/pages\/1683\/revisions\/1730"}],"wp:attachment":[{"href":"https:\/\/timetorhyme.co.uk\/pl\/wp-json\/wp\/v2\/media?parent=1683"}],"curies":[{"name":"wp","href":"https:\/\/api.w.org\/{rel}","templated":true}]}}