{"id":1692,"date":"2023-06-02T05:16:28","date_gmt":"2023-06-02T05:16:28","guid":{"rendered":"https:\/\/timetorhyme.co.uk\/?page_id=1692"},"modified":"2024-06-05T11:42:50","modified_gmt":"2024-06-05T11:42:50","slug":"ortografia-z","status":"publish","type":"page","link":"https:\/\/timetorhyme.co.uk\/pl\/ortografia-z\/","title":{"rendered":"Ortografia \u017b"},"content":{"rendered":"<p><div class=\"fusion-fullwidth fullwidth-box fusion-builder-row-1 fusion-flex-container nonhundred-percent-fullwidth non-hundred-percent-height-scrolling\" style=\"--awb-border-radius-top-left:0px;--awb-border-radius-top-right:0px;--awb-border-radius-bottom-right:0px;--awb-border-radius-bottom-left:0px;\" ><div class=\"fusion-builder-row fusion-row fusion-flex-align-items-stretch\" style=\"max-width:1248px;margin-left: calc(-4% \/ 2 );margin-right: calc(-4% \/ 2 );\"><div class=\"fusion-layout-column fusion_builder_column fusion-builder-column-0 fusion_builder_column_1_2 1_2 fusion-flex-column\" style=\"--awb-bg-size:cover;--awb-width-large:50%;--awb-spacing-right-large:3.84%;--awb-spacing-left-large:3.84%;--awb-width-medium:50%;--awb-spacing-right-medium:3.84%;--awb-spacing-left-medium:3.84%;--awb-width-small:100%;--awb-spacing-right-small:1.92%;--awb-spacing-left-small:1.92%;\"><div class=\"fusion-column-wrapper fusion-column-has-shadow fusion-flex-justify-content-flex-start fusion-content-layout-column\"><div class=\"fusion-separator fusion-full-width-sep\" style=\"align-self: center;margin-left: auto;margin-right: auto;margin-top:5px;margin-bottom:0px;width:100%;\"><\/div><div style=\"text-align:center;\"><a class=\"fusion-button button-flat button-xlarge button-default fusion-button-default button-1 fusion-button-span-no \" target=\"_self\" href=\"https:\/\/czytamimowiepopolsku.com\/gb\/tomasz-elbanowski\/ortografia-w-wierszykach-z.html\"><span class=\"fusion-button-icon-divider button-icon-divider-left\"><i class=\"fa-cart-plus fas\" aria-hidden=\"true\"><\/i><\/span><span class=\"fusion-button-text fusion-button-text-left\">Zam\u00f3w ksi\u0105\u017ck\u0119<\/span><\/a><\/div><div class=\"fusion-separator fusion-full-width-sep\" style=\"align-self: center;margin-left: auto;margin-right: auto;margin-top:10px;margin-bottom:10px;width:100%;\"><\/div><div class=\"fusion-image-element \"><span class=\" fusion-imageframe imageframe-none imageframe-1 hover-type-none\"><img decoding=\"async\" src=\"https:\/\/wierszykidonauki.pl\/wp-content\/uploads\/2023\/03\/ortografia_z_mockup.png\" alt class=\"img-responsive\"\/><\/span><\/div><\/div><\/div><div class=\"fusion-layout-column fusion_builder_column fusion-builder-column-1 fusion_builder_column_1_2 1_2 fusion-flex-column\" style=\"--awb-bg-size:cover;--awb-width-large:50%;--awb-spacing-right-large:3.84%;--awb-spacing-left-large:3.84%;--awb-width-medium:50%;--awb-spacing-right-medium:3.84%;--awb-spacing-left-medium:3.84%;--awb-width-small:100%;--awb-spacing-right-small:1.92%;--awb-spacing-left-small:1.92%;\"><div class=\"fusion-column-wrapper fusion-column-has-shadow fusion-flex-justify-content-flex-start fusion-content-layout-column\"><div class=\"fusion-text fusion-text-1\" style=\"--awb-text-transform:none;\"><p>Druga z trzech cz\u0119\u015bci wierszyk\u00f3w ortograficznych. Zawiera wszystkie podstawowe wyrazy z \u017c niewymiennym i najwa\u017cniejsze wyrazy z \u017c wymiennym. Nowatorski pomys\u0142 na nauk\u0119 ortografii. S\u0142owa powi\u0105zane w kr\u00f3tkie, zabawne historie, staj\u0105 si\u0119 du\u017co \u0142atwiejsze do zapami\u0119tania. Pi\u0119knie ilustrowana akwarelami Ma\u0142gorzaty Flis.<\/p>\n<p>\u2022 \u00a034 ilustrowane wierszyki z \u017c, na rozk\u0142ad\u00f3wkach,<br \/>\n\u2022 \u00a04 podstawowe zasady pisowni \u017c,<br \/>\n\u2022 \u00a0s\u0142ownik 350 najwa\u017cniejszych wyraz\u00f3w z \u017c,<br \/>\n\u2022 \u00a088 stron,<br \/>\n\u2022 \u00a0twarda ok\u0142adka.<\/p>\n<p><strong>Uwaga! Ksi\u0105\u017cka nie zawiera \u017cadnego wyrazu z &#8222;rz&#8221; \ud83d\ude42<br \/>\nDziecko mo\u017ce by\u0107 pewne, \u017ce s\u0142owa, kt\u00f3re z niej zapami\u0119ta\u0142o pisz\u0119 si\u0119 przez \u017c.<br \/>\n<\/strong><\/p>\n<\/div><div class=\"fusion-separator fusion-full-width-sep\" style=\"align-self: center;margin-left: auto;margin-right: auto;margin-top:10px;margin-bottom:10px;width:100%;\"><\/div><div class=\"fusion-title title fusion-title-1 fusion-sep-none fusion-title-center fusion-title-text fusion-title-size-two\" style=\"--awb-text-color:#8bc34a;--awb-margin-bottom:0px;--awb-margin-bottom-small:0px;--awb-font-size:22px;\"><h2 class=\"title-heading-center\" style=\"margin:0;font-size:1em;line-height:26px;\"><p style=\"text-align: center;\">\u00a314,99<\/p><\/h2><\/div><div class=\"fusion-title title fusion-title-2 fusion-sep-none fusion-title-center fusion-title-text fusion-title-size-two\" style=\"--awb-text-color:#7a7a7a;--awb-margin-bottom:10px;--awb-margin-bottom-small:0px;--awb-font-size:14px;\"><h2 class=\"title-heading-center\" style=\"margin:0;font-size:1em;line-height:16px;\"><p style=\"text-align: center;\">+ koszty wysy\u0142ki<\/p><\/h2><\/div><div style=\"text-align:center;\"><a class=\"fusion-button button-flat button-xlarge button-default fusion-button-default button-2 fusion-button-span-no \" target=\"_self\" href=\"https:\/\/czytamimowiepopolsku.com\/gb\/tomasz-elbanowski\/ortografia-w-wierszykach-z.html\"><span class=\"fusion-button-icon-divider button-icon-divider-left\"><i class=\"fa-cart-plus fas\" aria-hidden=\"true\"><\/i><\/span><span class=\"fusion-button-text fusion-button-text-left\">Zam\u00f3w ksi\u0105\u017ck\u0119<\/span><\/a><\/div><\/div><\/div><\/div><\/div><div class=\"fusion-fullwidth fullwidth-box fusion-builder-row-2 fusion-flex-container nonhundred-percent-fullwidth non-hundred-percent-height-scrolling\" style=\"--awb-border-radius-top-left:0px;--awb-border-radius-top-right:0px;--awb-border-radius-bottom-right:0px;--awb-border-radius-bottom-left:0px;\" ><div class=\"fusion-builder-row fusion-row fusion-flex-align-items-flex-start\" style=\"max-width:1248px;margin-left: calc(-4% \/ 2 );margin-right: calc(-4% \/ 2 );\"><div class=\"fusion-layout-column fusion_builder_column fusion-builder-column-2 fusion_builder_column_1_1 1_1 fusion-flex-column\" style=\"--awb-bg-size:cover;--awb-width-large:100%;--awb-spacing-right-large:1.92%;--awb-spacing-left-large:1.92%;--awb-width-medium:100%;--awb-spacing-right-medium:1.92%;--awb-spacing-left-medium:1.92%;--awb-width-small:100%;--awb-spacing-right-small:1.92%;--awb-spacing-left-small:1.92%;\"><div class=\"fusion-column-wrapper fusion-column-has-shadow fusion-flex-justify-content-flex-start fusion-content-layout-column\"><\/div><\/div><div class=\"fusion-layout-column fusion_builder_column fusion-builder-column-3 fusion_builder_column_1_1 1_1 fusion-flex-column\" style=\"--awb-bg-size:cover;--awb-width-large:100%;--awb-spacing-right-large:1.92%;--awb-spacing-left-large:1.92%;--awb-width-medium:100%;--awb-spacing-right-medium:1.92%;--awb-spacing-left-medium:1.92%;--awb-width-small:100%;--awb-spacing-right-small:1.92%;--awb-spacing-left-small:1.92%;\"><div class=\"fusion-column-wrapper fusion-column-has-shadow fusion-flex-justify-content-flex-start fusion-content-layout-column\"><div class=\"fusion-testimonials clean fusion-testimonials-1\" style=\"--awb-textcolor:#333333;--awb-backgroundcolor:#ffffff;\" data-random=\"1\" data-speed=\"5000\"><div class=\"reviews\"><div class=\"review active-testimonial no-avatar\"><blockquote class=\"testimonials-shortcode-blockquote\"><q class=\"fusion-clearfix\">\n<p>Ksi\u0105\u017cka jest \u015bwietna! Trudno sobie wyobrazi\u0107 przyjemniejszy i \u0142atwiejszy spos\u00f3b nauki. Wierszyki s\u0105 zabawne, czasami pouczaj\u0105ce, a do tego pi\u0119kne ilustracje! Rodzic te\u017c si\u0119 przy czytaniu\u00a0nie nudzi \ud83d\ude42<\/p>\n<\/q><\/blockquote><div class=\"author\"><span class=\"company-name\"><strong>Karol<\/strong><\/span><\/div><\/div><div class=\"review no-avatar\"><blockquote class=\"testimonials-shortcode-blockquote\"><q class=\"fusion-clearfix\">\n<p>Moja dwuip\u00f3\u0142letnia c\u00f3rka nie zna jeszcze samej ortografii, ale za to \u015bwietnie zna &#8222;Ortografi\u0119 w wierszykach&#8221;. Czasami ni st\u0105d, ni zow\u0105d raczy mnie stwierdzeniem &#8222;Taks\u00f3wka to jest taki samoch\u00f3d, kt\u00f3ry kierowcy przynosi doch\u00f3d&#8221;. Wci\u0105gn\u0119\u0142y j\u0105 i wierszowane historyjki i pi\u0119kn\u0119 ilustracje, wi\u0119c nie ma ju\u017c odwrotu: uton\u0119\u0142y\u015bmy w &#8222;\u00f3&#8221;.<\/p>\n<\/q><\/blockquote><div class=\"author\"><span class=\"company-name\"><strong>Agnieszka<\/strong><\/span><\/div><\/div><div class=\"review no-avatar\"><blockquote class=\"testimonials-shortcode-blockquote\"><q class=\"fusion-clearfix\">\n<p>Pierwszy raz spotka\u0142am si\u0119 z opisem pisowni, kt\u00f3ry nie odstrasza dzieci &#8211; jest bardzo prosty i zrozumia\u0142y. Czekamy na kolejne wierszyki ortograficzne!<\/p>\n<\/q><\/blockquote><div class=\"author\"><span class=\"company-name\"><strong>Ma\u0142gosia, mama czw\u00f3rki dzieci<\/strong><\/span><\/div><\/div><\/div><div class=\"testimonial-pagination\" id=\"fusion-testimonials-1\"><a href=\"#\" aria-label=\"Testimonial Pagination\"  class=\"activeSlide\"><\/a><a href=\"#\" aria-label=\"Testimonial Pagination\" ><\/a><a href=\"#\" aria-label=\"Testimonial Pagination\" ><\/a><\/div><\/div><div class=\"fusion-image-element \" style=\"text-align:center;--awb-max-width:360px;\"><span class=\" fusion-imageframe imageframe-none imageframe-2 hover-type-none\"><img decoding=\"async\" src=\"https:\/\/wierszykidonauki.pl\/wp-content\/uploads\/2020\/03\/opinie-ortografia.jpg\" alt class=\"img-responsive\"\/><\/span><\/div><\/div><\/div><\/div><\/div><div class=\"fusion-fullwidth fullwidth-box fusion-builder-row-3 fusion-flex-container nonhundred-percent-fullwidth non-hundred-percent-height-scrolling\" style=\"--awb-border-radius-top-left:0px;--awb-border-radius-top-right:0px;--awb-border-radius-bottom-right:0px;--awb-border-radius-bottom-left:0px;\" ><div class=\"fusion-builder-row fusion-row fusion-flex-align-items-flex-start\" style=\"max-width:1248px;margin-left: calc(-4% \/ 2 );margin-right: calc(-4% \/ 2 );\"><div class=\"fusion-layout-column fusion_builder_column fusion-builder-column-4 fusion_builder_column_1_1 1_1 fusion-flex-column\" style=\"--awb-bg-size:cover;--awb-width-large:100%;--awb-spacing-right-large:1.92%;--awb-spacing-left-large:1.92%;--awb-width-medium:100%;--awb-spacing-right-medium:1.92%;--awb-spacing-left-medium:1.92%;--awb-width-small:100%;--awb-spacing-right-small:1.92%;--awb-spacing-left-small:1.92%;\"><div class=\"fusion-column-wrapper fusion-column-has-shadow fusion-flex-justify-content-flex-start fusion-content-layout-column\"><div class=\"fusion-text fusion-text-2\"><p style=\"text-align: center;\"><em><strong>Opinie Czytelnik\u00f3w z <a href=\"https:\/\/facebook.com\/wierszykidonauki\/\" target=\"_blank\" rel=\"noopener noreferrer\">FB\/wierszykidonauki<\/a><\/strong><\/em><\/p>\n<\/div><div class=\"fusion-separator fusion-full-width-sep\" style=\"align-self: center;margin-left: auto;margin-right: auto;margin-top:30px;margin-bottom:30px;width:100%;\"><div class=\"fusion-separator-border sep-single sep-solid\" style=\"border-color:var(--awb-color3);border-top-width:1px;\"><\/div><\/div><\/div><\/div><\/div><\/div><div class=\"fusion-fullwidth fullwidth-box fusion-builder-row-4 fusion-flex-container nonhundred-percent-fullwidth non-hundred-percent-height-scrolling\" style=\"--awb-border-radius-top-left:0px;--awb-border-radius-top-right:0px;--awb-border-radius-bottom-right:0px;--awb-border-radius-bottom-left:0px;\" ><div class=\"fusion-builder-row fusion-row fusion-flex-align-items-flex-start\" style=\"max-width:1248px;margin-left: calc(-4% \/ 2 );margin-right: calc(-4% \/ 2 );\"><div class=\"fusion-layout-column fusion_builder_column fusion-builder-column-5 fusion_builder_column_1_1 1_1 fusion-flex-column\" style=\"--awb-bg-size:cover;--awb-width-large:100%;--awb-spacing-right-large:1.92%;--awb-spacing-left-large:1.92%;--awb-width-medium:100%;--awb-spacing-right-medium:1.92%;--awb-spacing-left-medium:1.92%;--awb-width-small:100%;--awb-spacing-right-small:1.92%;--awb-spacing-left-small:1.92%;\"><div class=\"fusion-column-wrapper fusion-column-has-shadow fusion-flex-justify-content-flex-start fusion-content-layout-column\"><div class=\"fusion-text fusion-text-3\" style=\"--awb-text-transform:none;\"><p style=\"text-align: center;\"><em><strong>Zajrzyj do ksi\u0105\u017cki. Chwy\u0107 za\u00a0naro\u017cnik, aby przewr\u00f3ci\u0107 stron\u0119\u2026<\/strong><\/em><\/p>\n<\/div><div class=\"fusion-text fusion-text-4\" style=\"--awb-text-transform:none;\"><div class=\"outer\">\n<div id=\"flipbook\" class=\"flipbook\">\n<div class=\"page\"><img decoding=\"async\" draggable=\"false\" src=\"https:\/\/wierszykidonauki.pl\/wp-content\/themes\/wierszyki\/images\/ortografia_z_book\/okl-a.jpg\" alt=\"\" \/><\/div>\n<div class=\"page\"><img decoding=\"async\" draggable=\"false\" src=\"https:\/\/wierszykidonauki.pl\/wp-content\/themes\/wierszyki\/images\/ortografia_z_book\/1-a.jpg\" alt=\"\" \/><\/div>\n<div class=\"page\"><img decoding=\"async\" draggable=\"false\" src=\"https:\/\/wierszykidonauki.pl\/wp-content\/themes\/wierszyki\/images\/ortografia_z_book\/1-b.jpg\" alt=\"\" \/><\/div>\n<div class=\"page\"><img decoding=\"async\" draggable=\"false\" src=\"https:\/\/wierszykidonauki.pl\/wp-content\/themes\/wierszyki\/images\/ortografia_z_book\/2-a.jpg\" alt=\"\" \/><\/div>\n<div class=\"page\"><img decoding=\"async\" draggable=\"false\" src=\"https:\/\/wierszykidonauki.pl\/wp-content\/themes\/wierszyki\/images\/ortografia_z_book\/2-b.jpg\" alt=\"\" \/><\/div>\n<div class=\"page\"><img decoding=\"async\" draggable=\"false\" src=\"https:\/\/wierszykidonauki.pl\/wp-content\/themes\/wierszyki\/images\/ortografia_z_book\/3-a.jpg\" alt=\"\" \/><\/div>\n<div class=\"page\"><img decoding=\"async\" draggable=\"false\" src=\"https:\/\/wierszykidonauki.pl\/wp-content\/themes\/wierszyki\/images\/ortografia_z_book\/3-b.jpg\" alt=\"\" \/><\/div>\n<div class=\"page\"><img decoding=\"async\" draggable=\"false\" src=\"https:\/\/wierszykidonauki.pl\/wp-content\/themes\/wierszyki\/images\/ortografia_z_book\/4-a.jpg\" alt=\"\" \/><\/div>\n<div class=\"page\"><img decoding=\"async\" draggable=\"false\" src=\"https:\/\/wierszykidonauki.pl\/wp-content\/themes\/wierszyki\/images\/ortografia_z_book\/4-b.jpg\" alt=\"\" \/><\/div>\n<div class=\"page\"><img decoding=\"async\" draggable=\"false\" src=\"https:\/\/wierszykidonauki.pl\/wp-content\/themes\/wierszyki\/images\/ortografia_z_book\/5-a.jpg\" alt=\"\" \/><\/div>\n<div class=\"page\"><img decoding=\"async\" draggable=\"false\" src=\"https:\/\/wierszykidonauki.pl\/wp-content\/themes\/wierszyki\/images\/ortografia_z_book\/5-b.jpg\" alt=\"\" \/><\/div>\n<div class=\"page\"><img decoding=\"async\" draggable=\"false\" src=\"https:\/\/wierszykidonauki.pl\/wp-content\/themes\/wierszyki\/images\/ortografia_z_book\/okl-b.jpg\" alt=\"\" \/><\/div>\n<\/div>\n<\/div>\n<\/div><div class=\"fusion-separator fusion-full-width-sep\" style=\"align-self: center;margin-left: auto;margin-right: auto;margin-top:30px;margin-bottom:30px;width:100%;\"><div class=\"fusion-separator-border sep-single sep-solid\" style=\"border-color:var(--awb-color3);border-top-width:1px;\"><\/div><\/div><\/div><\/div><div class=\"fusion-layout-column fusion_builder_column fusion-builder-column-6 fusion_builder_column_1_1 1_1 fusion-flex-column\" style=\"--awb-bg-size:cover;--awb-width-large:100%;--awb-spacing-right-large:1.92%;--awb-spacing-left-large:1.92%;--awb-width-medium:100%;--awb-spacing-right-medium:1.92%;--awb-spacing-left-medium:1.92%;--awb-width-small:100%;--awb-spacing-right-small:1.92%;--awb-spacing-left-small:1.92%;\"><div class=\"fusion-column-wrapper fusion-column-has-shadow fusion-flex-justify-content-flex-start fusion-content-layout-column\"><div class=\"fusion-text fusion-text-5\"><p style=\"text-align: center;\">[smartslider3 slider=5]<\/p>\n<\/div><\/div><\/div><\/div><\/div><div class=\"fusion-fullwidth fullwidth-box fusion-builder-row-5 fusion-flex-container nonhundred-percent-fullwidth non-hundred-percent-height-scrolling\" style=\"--awb-border-radius-top-left:0px;--awb-border-radius-top-right:0px;--awb-border-radius-bottom-right:0px;--awb-border-radius-bottom-left:0px;--awb-margin-top:5{2fb54608e8935309616146ed2a7de486b7968b84aded3c22ff5bc4540e9bbbc1};\" ><div class=\"fusion-builder-row fusion-row fusion-flex-align-items-flex-start\" style=\"max-width:1248px;margin-left: calc(-4% \/ 2 );margin-right: calc(-4% \/ 2 );\"><div class=\"fusion-layout-column fusion_builder_column fusion-builder-column-7 fusion_builder_column_1_1 1_1 fusion-flex-column\" style=\"--awb-bg-size:cover;--awb-width-large:100%;--awb-margin-top-large:5{2fb54608e8935309616146ed2a7de486b7968b84aded3c22ff5bc4540e9bbbc1};--awb-spacing-right-large:1.92%;--awb-spacing-left-large:1.92%;--awb-width-medium:100%;--awb-spacing-right-medium:1.92%;--awb-spacing-left-medium:1.92%;--awb-width-small:100%;--awb-spacing-right-small:1.92%;--awb-spacing-left-small:1.92%;\"><div class=\"fusion-column-wrapper fusion-column-has-shadow fusion-flex-justify-content-flex-start fusion-content-layout-column\"><div class=\"fusion-separator\" style=\"align-self: center;margin-left: auto;margin-right: auto;margin-bottom:20px;width:100%;max-width:60{2fb54608e8935309616146ed2a7de486b7968b84aded3c22ff5bc4540e9bbbc1};\"><div class=\"fusion-separator-border sep-single sep-solid\" style=\"border-color:var(--awb-color3);border-top-width:1px;\"><\/div><\/div><\/div><\/div><div class=\"fusion-layout-column fusion_builder_column fusion-builder-column-8 fusion_builder_column_1_1 1_1 fusion-flex-column\" style=\"--awb-padding-top:5{2fb54608e8935309616146ed2a7de486b7968b84aded3c22ff5bc4540e9bbbc1};--awb-bg-size:cover;--awb-width-large:100%;--awb-spacing-right-large:1.92%;--awb-spacing-left-large:1.92%;--awb-width-medium:100%;--awb-spacing-right-medium:1.92%;--awb-spacing-left-medium:1.92%;--awb-width-small:100%;--awb-spacing-right-small:1.92%;--awb-spacing-left-small:1.92%;\"><div class=\"fusion-column-wrapper fusion-column-has-shadow fusion-flex-justify-content-flex-start fusion-content-layout-column\"><div class=\"fusion-video fusion-youtube\" style=\"--awb-max-width:600px;--awb-max-height:360px;--awb-align-self:center;--awb-width:100%;\"><div class=\"video-shortcode\"><div class=\"fluid-width-video-wrapper\" style=\"padding-top:60%;\" ><iframe title=\"YouTube video player 1\" src=\"https:\/\/www.youtube.com\/embed\/6ipuemFyr1c?wmode=transparent&autoplay=0\" width=\"600\" height=\"360\" allowfullscreen allow=\"autoplay; fullscreen\"><\/iframe><\/div><\/div><\/div><div class=\"fusion-text fusion-text-6\" style=\"--awb-text-transform:none;\"><p style=\"text-align: center;\"><em><strong>Obejrzyj kr\u00f3tki film prezentuj\u0105cy wierszyki ortograficzne<\/strong><\/em><\/p>\n<\/div><div class=\"fusion-separator fusion-full-width-sep\" style=\"align-self: center;margin-left: auto;margin-right: auto;margin-top:30px;margin-bottom:30px;width:100%;\"><div class=\"fusion-separator-border sep-single sep-solid\" style=\"border-color:var(--awb-color3);border-top-width:1px;\"><\/div><\/div><\/div><\/div><div class=\"fusion-layout-column fusion_builder_column fusion-builder-column-9 fusion_builder_column_1_1 1_1 fusion-flex-column\" style=\"--awb-padding-top:5{2fb54608e8935309616146ed2a7de486b7968b84aded3c22ff5bc4540e9bbbc1};--awb-bg-size:cover;--awb-width-large:100%;--awb-spacing-right-large:1.92%;--awb-spacing-left-large:1.92%;--awb-width-medium:100%;--awb-spacing-right-medium:1.92%;--awb-spacing-left-medium:1.92%;--awb-width-small:100%;--awb-spacing-right-small:1.92%;--awb-spacing-left-small:1.92%;\"><div class=\"fusion-column-wrapper fusion-column-has-shadow fusion-flex-justify-content-flex-start fusion-content-layout-column\"><div class=\"fusion-image-element \" style=\"text-align:center;--awb-max-width:640px;\"><span class=\" fusion-imageframe imageframe-none imageframe-3 hover-type-none\"><a class=\"fusion-no-lightbox\" href=\"https:\/\/pytanienasniadanie.tvp.pl\/47801086\/ksiazki-edukacyjne-jak-pomoc-dziecku-w-uczeniu-sie-w-domu\" target=\"_blank\" rel=\"noopener noreferrer\"><img decoding=\"async\" src=\"https:\/\/wierszykidonauki.pl\/wp-content\/uploads\/2020\/08\/pytanie-na-sniadanie-ortografia-o.jpg\" alt class=\"img-responsive\"\/><\/a><\/span><\/div><div class=\"fusion-text fusion-text-7\" style=\"--awb-text-transform:none;\"><p style=\"text-align: center;\"><em><strong>Wierszyki ortograficzne w &#8222;Pytaniu na \u015bniadanie&#8221; w TVP1\u00a0\u00a0<\/strong><\/em><\/p>\n<\/div><\/div><\/div><\/div><\/div><div class=\"fusion-fullwidth fullwidth-box fusion-builder-row-6 fusion-flex-container nonhundred-percent-fullwidth non-hundred-percent-height-scrolling\" style=\"--awb-border-radius-top-left:0px;--awb-border-radius-top-right:0px;--awb-border-radius-bottom-right:0px;--awb-border-radius-bottom-left:0px;\" ><div class=\"fusion-builder-row fusion-row fusion-flex-align-items-stretch\" style=\"max-width:1248px;margin-left: calc(-4% \/ 2 );margin-right: calc(-4% \/ 2 );\"><div class=\"fusion-layout-column fusion_builder_column fusion-builder-column-10 fusion_builder_column_1_4 1_4 fusion-flex-column\" style=\"--awb-bg-size:cover;--awb-width-large:25%;--awb-spacing-right-large:7.68%;--awb-spacing-left-large:7.68%;--awb-width-medium:25%;--awb-spacing-right-medium:7.68%;--awb-spacing-left-medium:7.68%;--awb-width-small:100%;--awb-spacing-right-small:1.92%;--awb-spacing-left-small:1.92%;\"><div class=\"fusion-column-wrapper fusion-column-has-shadow fusion-flex-justify-content-center fusion-content-layout-column\"><\/div><\/div><div class=\"fusion-layout-column fusion_builder_column fusion-builder-column-11 fusion_builder_column_1_4 1_4 fusion-flex-column\" style=\"--awb-bg-size:cover;--awb-width-large:25%;--awb-spacing-right-large:7.68%;--awb-spacing-left-large:7.68%;--awb-width-medium:25%;--awb-spacing-right-medium:7.68%;--awb-spacing-left-medium:7.68%;--awb-width-small:100%;--awb-spacing-right-small:1.92%;--awb-spacing-left-small:1.92%;\"><div class=\"fusion-column-wrapper fusion-column-has-shadow fusion-flex-justify-content-center fusion-content-layout-column\"><div class=\"fusion-image-element \" style=\"text-align:center;--awb-max-width:320px;\"><span class=\" fusion-imageframe imageframe-none imageframe-4 hover-type-none\"><img decoding=\"async\" src=\"https:\/\/wierszykidonauki.pl\/wp-content\/uploads\/2020\/03\/wrozka-ortografia.jpg\" alt class=\"img-responsive\"\/><\/span><\/div><\/div><\/div><div class=\"fusion-layout-column fusion_builder_column fusion-builder-column-12 fusion_builder_column_1_4 1_4 fusion-flex-column\" style=\"--awb-bg-size:cover;--awb-width-large:25%;--awb-spacing-right-large:7.68%;--awb-spacing-left-large:7.68%;--awb-width-medium:25%;--awb-spacing-right-medium:7.68%;--awb-spacing-left-medium:7.68%;--awb-width-small:100%;--awb-spacing-right-small:1.92%;--awb-spacing-left-small:1.92%;\"><div class=\"fusion-column-wrapper fusion-column-has-shadow fusion-flex-justify-content-center fusion-content-layout-column\"><div class=\"fusion-separator fusion-no-medium-visibility fusion-no-large-visibility fusion-full-width-sep\" style=\"align-self: center;margin-left: auto;margin-right: auto;margin-top:15px;margin-bottom:15px;width:100%;\"><\/div><div style=\"text-align:center;\"><a class=\"fusion-button button-flat button-xlarge button-default fusion-button-default button-3 fusion-button-span-no \" target=\"_self\" href=\"https:\/\/czytamimowiepopolsku.com\/gb\/tomasz-elbanowski\/ortografia-w-wierszykach-z.html\"><span class=\"fusion-button-icon-divider button-icon-divider-left\"><i class=\"fa-cart-plus fas\" aria-hidden=\"true\"><\/i><\/span><span class=\"fusion-button-text fusion-button-text-left\">Zam\u00f3w ksi\u0105\u017ck\u0119<\/span><\/a><\/div><\/div><\/div><\/div><\/div><\/p>\n","protected":false},"excerpt":{"rendered":"","protected":false},"author":1,"featured_media":0,"parent":0,"menu_order":0,"comment_status":"closed","ping_status":"closed","template":"","meta":{"footnotes":""},"class_list":["post-1692","page","type-page","status-publish","hentry"],"_links":{"self":[{"href":"https:\/\/timetorhyme.co.uk\/pl\/wp-json\/wp\/v2\/pages\/1692","targetHints":{"allow":["GET"]}}],"collection":[{"href":"https:\/\/timetorhyme.co.uk\/pl\/wp-json\/wp\/v2\/pages"}],"about":[{"href":"https:\/\/timetorhyme.co.uk\/pl\/wp-json\/wp\/v2\/types\/page"}],"author":[{"embeddable":true,"href":"https:\/\/timetorhyme.co.uk\/pl\/wp-json\/wp\/v2\/users\/1"}],"replies":[{"embeddable":true,"href":"https:\/\/timetorhyme.co.uk\/pl\/wp-json\/wp\/v2\/comments?post=1692"}],"version-history":[{"count":1,"href":"https:\/\/timetorhyme.co.uk\/pl\/wp-json\/wp\/v2\/pages\/1692\/revisions"}],"predecessor-version":[{"id":1728,"href":"https:\/\/timetorhyme.co.uk\/pl\/wp-json\/wp\/v2\/pages\/1692\/revisions\/1728"}],"wp:attachment":[{"href":"https:\/\/timetorhyme.co.uk\/pl\/wp-json\/wp\/v2\/media?parent=1692"}],"curies":[{"name":"wp","href":"https:\/\/api.w.org\/{rel}","templated":true}]}}