{"id":1696,"date":"2023-06-02T05:18:00","date_gmt":"2023-06-02T05:18:00","guid":{"rendered":"https:\/\/timetorhyme.co.uk\/?page_id=1696"},"modified":"2024-06-05T11:39:38","modified_gmt":"2024-06-05T11:39:38","slug":"krolowie-i-ksiazeta-polski","status":"publish","type":"page","link":"https:\/\/timetorhyme.co.uk\/pl\/krolowie-i-ksiazeta-polski\/","title":{"rendered":"Kr\u00f3lowie i ksi\u0105\u017c\u0119ta Polski"},"content":{"rendered":"<p><div class=\"fusion-fullwidth fullwidth-box fusion-builder-row-1 fusion-flex-container nonhundred-percent-fullwidth non-hundred-percent-height-scrolling\" style=\"--awb-border-radius-top-left:0px;--awb-border-radius-top-right:0px;--awb-border-radius-bottom-right:0px;--awb-border-radius-bottom-left:0px;\" ><div class=\"fusion-builder-row fusion-row fusion-flex-align-items-flex-start\" style=\"max-width:1248px;margin-left: calc(-4% \/ 2 );margin-right: calc(-4% \/ 2 );\"><div class=\"fusion-layout-column fusion_builder_column fusion-builder-column-0 fusion_builder_column_2_5 2_5 fusion-flex-column\" style=\"--awb-bg-size:cover;--awb-width-large:40%;--awb-spacing-right-large:4.8%;--awb-spacing-left-large:4.8%;--awb-width-medium:40%;--awb-spacing-right-medium:4.8%;--awb-spacing-left-medium:4.8%;--awb-width-small:100%;--awb-spacing-right-small:1.92%;--awb-spacing-left-small:1.92%;\"><div class=\"fusion-column-wrapper fusion-column-has-shadow fusion-flex-justify-content-flex-start fusion-content-layout-column\"><div style=\"text-align:center;\"><a class=\"fusion-button button-flat button-xlarge button-default fusion-button-default button-1 fusion-button-span-no \" target=\"_self\" href=\"https:\/\/czytamimowiepopolsku.com\/gb\/tomasz-elbanowski\/krolowie-polski-w-wierszykach.html\"><span class=\"fusion-button-icon-divider button-icon-divider-left\"><i class=\"fa-cart-plus fas\" aria-hidden=\"true\"><\/i><\/span><span class=\"fusion-button-text fusion-button-text-left\">Zam\u00f3w ksi\u0105\u017ck\u0119<\/span><\/a><\/div><div class=\"fusion-separator fusion-full-width-sep\" style=\"align-self: center;margin-left: auto;margin-right: auto;margin-top:10px;margin-bottom:10px;width:100%;\"><\/div><div class=\"fusion-image-element \" style=\"text-align:center;\"><span class=\" fusion-imageframe imageframe-none imageframe-1 hover-type-none\"><img decoding=\"async\" src=\"https:\/\/wierszykidonauki.pl\/wp-content\/uploads\/2023\/03\/krolowie_polski_mockup.png\" alt class=\"img-responsive\"\/><\/span><\/div><\/div><\/div><div class=\"fusion-layout-column fusion_builder_column fusion-builder-column-1 fusion_builder_column_3_5 3_5 fusion-flex-column\" style=\"--awb-bg-size:cover;--awb-width-large:60%;--awb-spacing-right-large:3.2%;--awb-spacing-left-large:3.2%;--awb-width-medium:60%;--awb-spacing-right-medium:3.2%;--awb-spacing-left-medium:3.2%;--awb-width-small:100%;--awb-spacing-right-small:1.92%;--awb-spacing-left-small:1.92%;\"><div class=\"fusion-column-wrapper fusion-column-has-shadow fusion-flex-justify-content-flex-start fusion-content-layout-column\"><div class=\"fusion-text fusion-text-1\" style=\"--awb-text-transform:none;\"><p class=\"pt-4 pb-1 mb-1\">Wpadaj\u0105ce w ucho wierszyki o w\u0142adcach Polski ilustrowane pi\u0119knymi akwarelami Ma\u0142gorzaty Flis. Autor, z wykszta\u0142cenia historyk, opowiada o bohaterach i wydarzeniach z historii Polski w formie atrakcyjnej dla dzieci, bez \u017cadnej daty.<\/p>\n<p>Ksi\u0105\u017cka zawiera:<br \/>\n\u2022 \u00a032 ilustrowane wierszyki o ka\u017cdym z w\u0142adc\u00f3w, na rozk\u0142ad\u00f3wkach<br \/>\n\u2022 \u00a0map\u0119: Polska Piast\u00f3w (granice za panowania Boles\u0142awa Krzywoustego),<br \/>\n\u2022\u00a0 Dodatkowo: opis panowania ka\u017cdego z kr\u00f3l\u00f3w, z portretem i ciekawostkami,<br \/>\n\u2022 \u00a0map\u0119: Rzeczpospolita Obojga Narod\u00f3w (granice za panowania Zygmunta III Wazy)<br \/>\n\u2022 \u00a0o\u015b czasu X-XVIII wieku, w\u0142adcy umiejscowieni chronologicznie, bez dat,<br \/>\n\u2022 \u00a0twarda oprawa,<br \/>\n\u2022 \u00a0104 strony.<\/p>\n<\/div><div class=\"fusion-title title fusion-title-1 fusion-sep-none fusion-title-center fusion-title-text fusion-title-size-two\" style=\"--awb-text-color:#8bc34a;--awb-margin-bottom:0px;--awb-margin-bottom-small:0px;--awb-font-size:22px;\"><h2 class=\"title-heading-center\" style=\"margin:0;font-size:1em;line-height:26px;\"><p style=\"text-align: center;\">\u00a314,99<\/p><\/h2><\/div><div class=\"fusion-title title fusion-title-2 fusion-sep-none fusion-title-center fusion-title-text fusion-title-size-two\" style=\"--awb-text-color:#7f7f7f;--awb-margin-bottom:10px;--awb-margin-bottom-small:0px;--awb-font-size:14px;\"><h2 class=\"title-heading-center\" style=\"margin:0;font-size:1em;line-height:16px;\"><p style=\"text-align: center;\">+ koszty wysy\u0142ki<\/p><\/h2><\/div><div style=\"text-align:center;\"><a class=\"fusion-button button-flat button-xlarge button-default fusion-button-default button-2 fusion-button-span-no \" target=\"_self\" href=\"https:\/\/czytamimowiepopolsku.com\/gb\/tomasz-elbanowski\/krolowie-polski-w-wierszykach.html\"><span class=\"fusion-button-icon-divider button-icon-divider-left\"><i class=\"fa-cart-plus fas\" aria-hidden=\"true\"><\/i><\/span><span class=\"fusion-button-text fusion-button-text-left\">Zam\u00f3w ksi\u0105\u017ck\u0119<\/span><\/a><\/div><div class=\"fusion-separator fusion-full-width-sep\" style=\"align-self: center;margin-left: auto;margin-right: auto;margin-top:10px;margin-bottom:10px;width:100%;\"><\/div><div class=\"fusion-modal modal fade modal-1 zamow_krolow\" tabindex=\"-1\" role=\"dialog\" aria-labelledby=\"modal-heading-1\" aria-hidden=\"true\" style=\"--awb-border-color:var(--awb-color3);--awb-background:var(--awb-color1);\"><div class=\"modal-dialog modal-lg\" role=\"document\"><div class=\"modal-content fusion-modal-content\"><div class=\"modal-header\"><button class=\"close\" type=\"button\" data-dismiss=\"modal\" aria-hidden=\"true\" aria-label=\"Close\">&times;<\/button><h3 class=\"modal-title\" id=\"modal-heading-1\" data-dismiss=\"modal\" aria-hidden=\"true\">Zam\u00f3w ksi\u0105\u017ck\u0119<\/h3><\/div><div class=\"modal-body fusion-clearfix\">\n<div class=\"fusion-button-wrapper\"><a class=\"fusion-button button-flat fusion-button-default-size button-default fusion-button-default button-3 fusion-button-default-span fusion-button-default-type\" target=\"_blank\" rel=\"noopener noreferrer\" href=\"https:\/\/salescrm.pl\/cart\/new_order\/7c339499-6158-457b-9864-804fb40c3c84\"><span class=\"fusion-button-text\">Zam\u00f3w ksi\u0105\u017ck\u0119<\/span><\/a><\/div>\n<div class=\"fusion-button-wrapper\"><a class=\"fusion-button button-flat fusion-button-default-size button-default fusion-button-default button-4 fusion-button-default-span fusion-button-default-type\" target=\"_blank\" rel=\"noopener noreferrer\" href=\"https:\/\/salescrm.pl\/cart\/add_product\/442\"><span class=\"fusion-button-text\">Zam\u00f3w ksi\u0105\u017ck\u0119 i kubki<\/span><\/a><\/div>\n<\/div><div class=\"modal-footer\"><button class=\"fusion-button button-default button-medium button default medium\" type=\"button\" data-dismiss=\"modal\">Close<\/button><\/div><\/div><\/div><\/div><\/div><\/div><\/div><\/div><div class=\"fusion-fullwidth fullwidth-box fusion-builder-row-2 fusion-flex-container nonhundred-percent-fullwidth non-hundred-percent-height-scrolling\" style=\"--awb-border-radius-top-left:0px;--awb-border-radius-top-right:0px;--awb-border-radius-bottom-right:0px;--awb-border-radius-bottom-left:0px;\" ><div class=\"fusion-builder-row fusion-row fusion-flex-align-items-flex-start\" style=\"max-width:1248px;margin-left: calc(-4% \/ 2 );margin-right: calc(-4% \/ 2 );\"><div class=\"fusion-layout-column fusion_builder_column fusion-builder-column-2 fusion_builder_column_1_1 1_1 fusion-flex-column\" style=\"--awb-bg-size:cover;--awb-width-large:100%;--awb-spacing-right-large:1.92%;--awb-spacing-left-large:1.92%;--awb-width-medium:100%;--awb-spacing-right-medium:1.92%;--awb-spacing-left-medium:1.92%;--awb-width-small:100%;--awb-spacing-right-small:1.92%;--awb-spacing-left-small:1.92%;\"><div class=\"fusion-column-wrapper fusion-column-has-shadow fusion-flex-justify-content-flex-start fusion-content-layout-column\"><div class=\"fusion-separator fusion-full-width-sep\" style=\"align-self: center;margin-left: auto;margin-right: auto;margin-top:30px;margin-bottom:30px;width:100%;\"><div class=\"fusion-separator-border sep-single sep-solid\" style=\"border-color:var(--awb-color3);border-top-width:1px;\"><\/div><\/div><div class=\"fusion-testimonials clean fusion-testimonials-1\" style=\"--awb-textcolor:#333333;--awb-backgroundcolor:#ffffff;\" data-random=\"1\" data-speed=\"5000\"><div class=\"reviews\"><div class=\"review active-testimonial no-avatar\"><blockquote class=\"testimonials-shortcode-blockquote\"><q class=\"fusion-clearfix\">\n<p>Rewelka. I ta o krolach te\u017c. Moja niedlugo trzylatka deklamuje przed snem do poduszki&#8221; &#8222;Miesko\u00a0Pielwsy\u00a0stfozyl\u00a0panstwo i wplowadzil\u00a0chzescijanstwo&#8221; i &#8222;Stefan Batory do bitki skory&#8230;mama co to znacy\u00a0'do bitki skory&#8217;? I &#8222;Kto naprawi\u0142 Polske pyta naucyciel? To ksiaze\u00a0Kazimiez\u00a0zwany Odnowiciel&#8221;&#8230; nie mam wiecej pytan. Te ksiazeczki\u00a0rozwalaja system!<\/p>\n<\/q><\/blockquote><div class=\"author\"><span class=\"company-name\"><strong>Marta<\/strong><\/span><\/div><\/div><div class=\"review no-avatar\"><blockquote class=\"testimonials-shortcode-blockquote\"><q class=\"fusion-clearfix\">\n<p>Jest \u015bwietnie napisana. Szczeg\u00f3lnie o\u015b czas pokazuje obrazowo histori\u0119 Polski. Doskonale i ze swad\u0105 opisani w\u0142adcy Polski. Dla starszych i m\u0142odszych- super! Dopowie,\u017ce kupi\u0142am dla wnuk\u00f3w, ale sama si\u0119 rozczytuj\u0119, zanim podaruj\u0119.<\/p>\n<\/q><\/blockquote><div class=\"author\"><span class=\"company-name\"><strong>Anna \u017baczek<\/strong><\/span><\/div><\/div><\/div><div class=\"testimonial-pagination\" id=\"fusion-testimonials-1\"><a href=\"#\" aria-label=\"Testimonial Pagination\"  class=\"activeSlide\"><\/a><a href=\"#\" aria-label=\"Testimonial Pagination\" ><\/a><\/div><\/div><\/div><\/div><\/div><\/div><div class=\"fusion-fullwidth fullwidth-box fusion-builder-row-3 fusion-flex-container nonhundred-percent-fullwidth non-hundred-percent-height-scrolling\" style=\"--awb-border-radius-top-left:0px;--awb-border-radius-top-right:0px;--awb-border-radius-bottom-right:0px;--awb-border-radius-bottom-left:0px;\" ><div class=\"fusion-builder-row fusion-row fusion-flex-align-items-flex-start\" style=\"max-width:1248px;margin-left: calc(-4% \/ 2 );margin-right: calc(-4% \/ 2 );\"><div class=\"fusion-layout-column fusion_builder_column fusion-builder-column-3 fusion_builder_column_1_3 1_3 fusion-flex-column\" style=\"--awb-bg-size:cover;--awb-width-large:33.333333333333%;--awb-spacing-right-large:5.76%;--awb-spacing-left-large:5.76%;--awb-width-medium:33.333333333333%;--awb-order-medium:0;--awb-spacing-right-medium:5.76%;--awb-spacing-left-medium:5.76%;--awb-width-small:100%;--awb-order-small:0;--awb-spacing-right-small:1.92%;--awb-spacing-left-small:1.92%;\"><div class=\"fusion-column-wrapper fusion-column-has-shadow fusion-flex-justify-content-flex-start fusion-content-layout-column\"><\/div><\/div><div class=\"fusion-layout-column fusion_builder_column fusion-builder-column-4 fusion_builder_column_1_3 1_3 fusion-flex-column\" style=\"--awb-bg-size:cover;--awb-width-large:33.333333333333%;--awb-spacing-right-large:5.76%;--awb-spacing-left-large:5.76%;--awb-width-medium:33.333333333333%;--awb-order-medium:0;--awb-spacing-right-medium:5.76%;--awb-spacing-left-medium:5.76%;--awb-width-small:100%;--awb-order-small:0;--awb-spacing-right-small:1.92%;--awb-spacing-left-small:1.92%;\"><div class=\"fusion-column-wrapper fusion-column-has-shadow fusion-flex-justify-content-flex-start fusion-content-layout-column\"><\/div><\/div><div class=\"fusion-layout-column fusion_builder_column fusion-builder-column-5 fusion_builder_column_1_3 1_3 fusion-flex-column\" style=\"--awb-bg-size:cover;--awb-width-large:33.333333333333%;--awb-spacing-right-large:5.76%;--awb-spacing-left-large:5.76%;--awb-width-medium:33.333333333333%;--awb-order-medium:0;--awb-spacing-right-medium:5.76%;--awb-spacing-left-medium:5.76%;--awb-width-small:100%;--awb-order-small:0;--awb-spacing-right-small:1.92%;--awb-spacing-left-small:1.92%;\"><div class=\"fusion-column-wrapper fusion-column-has-shadow fusion-flex-justify-content-flex-start fusion-content-layout-column\"><\/div><\/div><\/div><\/div><div class=\"fusion-fullwidth fullwidth-box fusion-builder-row-4 fusion-flex-container nonhundred-percent-fullwidth non-hundred-percent-height-scrolling\" style=\"--awb-border-radius-top-left:0px;--awb-border-radius-top-right:0px;--awb-border-radius-bottom-right:0px;--awb-border-radius-bottom-left:0px;\" ><div class=\"fusion-builder-row fusion-row fusion-flex-align-items-flex-start\" style=\"max-width:1248px;margin-left: calc(-4% \/ 2 );margin-right: calc(-4% \/ 2 );\"><div class=\"fusion-layout-column fusion_builder_column fusion-builder-column-6 fusion_builder_column_1_1 1_1 fusion-flex-column\" style=\"--awb-bg-size:cover;--awb-width-large:100%;--awb-spacing-right-large:1.92%;--awb-spacing-left-large:1.92%;--awb-width-medium:100%;--awb-spacing-right-medium:1.92%;--awb-spacing-left-medium:1.92%;--awb-width-small:100%;--awb-spacing-right-small:1.92%;--awb-spacing-left-small:1.92%;\"><div class=\"fusion-column-wrapper fusion-column-has-shadow fusion-flex-justify-content-flex-start fusion-content-layout-column\"><div class=\"fusion-text fusion-text-2\" style=\"--awb-text-transform:none;\"><p style=\"text-align: center;\"><em><strong>Opinie Czytelnik\u00f3w z <a href=\"https:\/\/facebook.com\/wierszykidonauki\/\" target=\"_blank\" rel=\"noopener noreferrer\">FB\/wierszykidonauki<\/a><\/strong><\/em><\/p>\n<\/div><div class=\"fusion-separator fusion-full-width-sep\" style=\"align-self: center;margin-left: auto;margin-right: auto;margin-top:30px;margin-bottom:30px;width:100%;\"><div class=\"fusion-separator-border sep-single sep-solid\" style=\"border-color:var(--awb-color3);border-top-width:1px;\"><\/div><\/div><\/div><\/div><\/div><\/div><div class=\"fusion-fullwidth fullwidth-box fusion-builder-row-5 fusion-flex-container nonhundred-percent-fullwidth non-hundred-percent-height-scrolling\" style=\"--awb-border-radius-top-left:0px;--awb-border-radius-top-right:0px;--awb-border-radius-bottom-right:0px;--awb-border-radius-bottom-left:0px;\" ><div class=\"fusion-builder-row fusion-row fusion-flex-align-items-flex-start\" style=\"max-width:1248px;margin-left: calc(-4% \/ 2 );margin-right: calc(-4% \/ 2 );\"><div class=\"fusion-layout-column fusion_builder_column fusion-builder-column-7 fusion_builder_column_1_1 1_1 fusion-flex-column\" style=\"--awb-bg-size:cover;--awb-width-large:100%;--awb-spacing-right-large:1.92%;--awb-spacing-left-large:1.92%;--awb-width-medium:100%;--awb-spacing-right-medium:1.92%;--awb-spacing-left-medium:1.92%;--awb-width-small:100%;--awb-spacing-right-small:1.92%;--awb-spacing-left-small:1.92%;\"><div class=\"fusion-column-wrapper fusion-column-has-shadow fusion-flex-justify-content-flex-start fusion-content-layout-column\"><div class=\"fusion-text fusion-text-3\" style=\"--awb-text-transform:none;\"><p style=\"text-align: center;\"><em><strong>Zajrzyj do ksi\u0105\u017cki. Chwy\u0107 za naro\u017cnik, aby przewr\u00f3ci\u0107 stron\u0119&#8230;<\/strong><\/em><\/p>\n<\/div><div class=\"fusion-text fusion-text-4\" style=\"--awb-text-transform:none;\"><div class=\"outer\">\n<div id=\"flipbook\" class=\"flipbook\">\n<div class=\"page\"><img decoding=\"async\" draggable=\"false\" src=\"https:\/\/wierszykidonauki.pl\/wp-content\/themes\/wierszyki\/images\/krolowie_book\/okl-a.jpg\" alt=\"\" \/><\/div>\n<div class=\"page\"><img decoding=\"async\" draggable=\"false\" src=\"https:\/\/wierszykidonauki.pl\/wp-content\/themes\/wierszyki\/images\/krolowie_book\/1-a.jpg\" alt=\"\" \/><\/div>\n<div class=\"page\"><img decoding=\"async\" draggable=\"false\" src=\"https:\/\/wierszykidonauki.pl\/wp-content\/themes\/wierszyki\/images\/krolowie_book\/1-b.jpg\" alt=\"\" \/><\/div>\n<div class=\"page\"><img decoding=\"async\" draggable=\"false\" src=\"https:\/\/wierszykidonauki.pl\/wp-content\/themes\/wierszyki\/images\/krolowie_book\/2-a.jpg\" alt=\"\" \/><\/div>\n<div class=\"page\"><img decoding=\"async\" draggable=\"false\" src=\"https:\/\/wierszykidonauki.pl\/wp-content\/themes\/wierszyki\/images\/krolowie_book\/2-b.jpg\" alt=\"\" \/><\/div>\n<div class=\"page\"><img decoding=\"async\" draggable=\"false\" src=\"https:\/\/wierszykidonauki.pl\/wp-content\/themes\/wierszyki\/images\/krolowie_book\/3-a.jpg\" alt=\"\" \/><\/div>\n<div class=\"page\"><img decoding=\"async\" draggable=\"false\" src=\"https:\/\/wierszykidonauki.pl\/wp-content\/themes\/wierszyki\/images\/krolowie_book\/3-b.jpg\" alt=\"\" \/><\/div>\n<div class=\"page\"><img decoding=\"async\" draggable=\"false\" src=\"https:\/\/wierszykidonauki.pl\/wp-content\/themes\/wierszyki\/images\/krolowie_book\/4-a.jpg\" alt=\"\" \/><\/div>\n<div class=\"page\"><img decoding=\"async\" draggable=\"false\" src=\"https:\/\/wierszykidonauki.pl\/wp-content\/themes\/wierszyki\/images\/krolowie_book\/4-b.jpg\" alt=\"\" \/><\/div>\n<div class=\"page\"><img decoding=\"async\" draggable=\"false\" src=\"https:\/\/wierszykidonauki.pl\/wp-content\/themes\/wierszyki\/images\/krolowie_book\/5-a.jpg\" alt=\"\" \/><\/div>\n<div class=\"page\"><img decoding=\"async\" draggable=\"false\" src=\"https:\/\/wierszykidonauki.pl\/wp-content\/themes\/wierszyki\/images\/krolowie_book\/5-b.jpg\" alt=\"\" \/><\/div>\n<div class=\"page\"><img decoding=\"async\" draggable=\"false\" src=\"https:\/\/wierszykidonauki.pl\/wp-content\/themes\/wierszyki\/images\/krolowie_book\/6-a.jpg\" alt=\"\" \/><\/div>\n<div class=\"page\"><img decoding=\"async\" draggable=\"false\" src=\"https:\/\/wierszykidonauki.pl\/wp-content\/themes\/wierszyki\/images\/krolowie_book\/6-b.jpg\" alt=\"\" \/><\/div>\n<div class=\"page\"><img decoding=\"async\" draggable=\"false\" src=\"https:\/\/wierszykidonauki.pl\/wp-content\/themes\/wierszyki\/images\/krolowie_book\/okl-b.jpg\" alt=\"\" \/><\/div>\n<\/div>\n<\/div>\n<\/div><div class=\"fusion-separator fusion-full-width-sep\" style=\"align-self: center;margin-left: auto;margin-right: auto;margin-top:30px;margin-bottom:30px;width:100%;\"><div class=\"fusion-separator-border sep-single sep-solid\" style=\"border-color:var(--awb-color3);border-top-width:1px;\"><\/div><\/div><\/div><\/div><\/div><\/div><div class=\"fusion-fullwidth fullwidth-box fusion-builder-row-6 fusion-flex-container nonhundred-percent-fullwidth non-hundred-percent-height-scrolling\" style=\"--awb-border-radius-top-left:0px;--awb-border-radius-top-right:0px;--awb-border-radius-bottom-right:0px;--awb-border-radius-bottom-left:0px;\" ><div class=\"fusion-builder-row fusion-row fusion-flex-align-items-flex-start\" style=\"max-width:1248px;margin-left: calc(-4% \/ 2 );margin-right: calc(-4% \/ 2 );\"><div class=\"fusion-layout-column fusion_builder_column fusion-builder-column-8 fusion_builder_column_1_1 1_1 fusion-flex-column\" style=\"--awb-bg-size:cover;--awb-width-large:100%;--awb-spacing-right-large:1.92%;--awb-spacing-left-large:1.92%;--awb-width-medium:100%;--awb-spacing-right-medium:1.92%;--awb-spacing-left-medium:1.92%;--awb-width-small:100%;--awb-spacing-right-small:1.92%;--awb-spacing-left-small:1.92%;\"><div class=\"fusion-column-wrapper fusion-column-has-shadow fusion-flex-justify-content-flex-start fusion-content-layout-column\"><div class=\"fusion-text fusion-text-5\"><p style=\"text-align: center;\">[smartslider3 slider=4]<\/p>\n<\/div><div class=\"fusion-text fusion-text-6\"><p style=\"text-align: center;\"><em><strong>Konsultacje ekspert\u00f3w<\/strong><\/em><\/p>\n<\/div><\/div><\/div><\/div><\/div><div class=\"fusion-fullwidth fullwidth-box fusion-builder-row-7 fusion-flex-container nonhundred-percent-fullwidth non-hundred-percent-height-scrolling\" style=\"--awb-border-radius-top-left:0px;--awb-border-radius-top-right:0px;--awb-border-radius-bottom-right:0px;--awb-border-radius-bottom-left:0px;\" ><div class=\"fusion-builder-row fusion-row fusion-flex-align-items-flex-start\" style=\"max-width:1248px;margin-left: calc(-4% \/ 2 );margin-right: calc(-4% \/ 2 );\"><div class=\"fusion-layout-column fusion_builder_column fusion-builder-column-9 fusion_builder_column_1_1 1_1 fusion-flex-column\" style=\"--awb-padding-top:5{2fb54608e8935309616146ed2a7de486b7968b84aded3c22ff5bc4540e9bbbc1};--awb-bg-size:cover;--awb-width-large:100%;--awb-spacing-right-large:1.92%;--awb-spacing-left-large:1.92%;--awb-width-medium:100%;--awb-spacing-right-medium:1.92%;--awb-spacing-left-medium:1.92%;--awb-width-small:100%;--awb-spacing-right-small:1.92%;--awb-spacing-left-small:1.92%;\"><div class=\"fusion-column-wrapper fusion-column-has-shadow fusion-flex-justify-content-flex-start fusion-content-layout-column\"><div class=\"fusion-video fusion-youtube\" style=\"--awb-max-width:600px;--awb-max-height:360px;--awb-align-self:center;--awb-width:100%;\"><div class=\"video-shortcode\"><div class=\"fluid-width-video-wrapper\" style=\"padding-top:60%;\" ><iframe title=\"YouTube video player 1\" src=\"https:\/\/www.youtube.com\/embed\/PlftvvV-Zdw?wmode=transparent&autoplay=0\" width=\"600\" height=\"360\" allowfullscreen allow=\"autoplay; fullscreen\"><\/iframe><\/div><\/div><\/div><div class=\"fusion-text fusion-text-7\"><p style=\"text-align: center;\"><em><strong>Obejrzyj kr\u00f3tki film prezentuj\u0105cy ksi\u0105\u017ck\u0119<\/strong><\/em><\/p>\n<\/div><\/div><\/div><\/div><\/div><div class=\"fusion-fullwidth fullwidth-box fusion-builder-row-8 fusion-flex-container nonhundred-percent-fullwidth non-hundred-percent-height-scrolling\" style=\"--awb-border-radius-top-left:0px;--awb-border-radius-top-right:0px;--awb-border-radius-bottom-right:0px;--awb-border-radius-bottom-left:0px;\" ><div class=\"fusion-builder-row fusion-row fusion-flex-align-items-stretch\" style=\"max-width:1248px;margin-left: calc(-4% \/ 2 );margin-right: calc(-4% \/ 2 );\"><div class=\"fusion-layout-column fusion_builder_column fusion-builder-column-10 fusion_builder_column_1_1 1_1 fusion-flex-column\" style=\"--awb-bg-size:cover;--awb-width-large:100%;--awb-spacing-right-large:1.92%;--awb-spacing-left-large:1.92%;--awb-width-medium:100%;--awb-spacing-right-medium:1.92%;--awb-spacing-left-medium:1.92%;--awb-width-small:100%;--awb-spacing-right-small:1.92%;--awb-spacing-left-small:1.92%;\"><div class=\"fusion-column-wrapper fusion-column-has-shadow fusion-flex-justify-content-center fusion-content-layout-column\"><div class=\"fusion-image-element \" style=\"text-align:center;--awb-max-width:360px;\"><span class=\" fusion-imageframe imageframe-none imageframe-2 hover-type-none\"><img decoding=\"async\" width=\"230\" height=\"106\" title=\"Time to Rhyme!\" src=\"http:\/\/wierszykidonauki.pl\/wp-content\/uploads\/2019\/12\/poniatowski.jpg\" alt class=\"img-responsive wp-image-315\"\/><\/span><\/div><div style=\"text-align:center;\"><a class=\"fusion-button button-flat button-xlarge button-default fusion-button-default button-5 fusion-button-span-no \" target=\"_self\" href=\"https:\/\/czytamimowiepopolsku.com\/gb\/tomasz-elbanowski\/krolowie-polski-w-wierszykach.html\"><span class=\"fusion-button-icon-divider button-icon-divider-left\"><i class=\"fa-cart-plus fas\" aria-hidden=\"true\"><\/i><\/span><span class=\"fusion-button-text fusion-button-text-left\">Zam\u00f3w ksi\u0105\u017ck\u0119<\/span><\/a><\/div><\/div><\/div><\/div><\/div><\/p>\n","protected":false},"excerpt":{"rendered":"","protected":false},"author":1,"featured_media":0,"parent":0,"menu_order":0,"comment_status":"closed","ping_status":"closed","template":"","meta":{"footnotes":""},"class_list":["post-1696","page","type-page","status-publish","hentry"],"_links":{"self":[{"href":"https:\/\/timetorhyme.co.uk\/pl\/wp-json\/wp\/v2\/pages\/1696","targetHints":{"allow":["GET"]}}],"collection":[{"href":"https:\/\/timetorhyme.co.uk\/pl\/wp-json\/wp\/v2\/pages"}],"about":[{"href":"https:\/\/timetorhyme.co.uk\/pl\/wp-json\/wp\/v2\/types\/page"}],"author":[{"embeddable":true,"href":"https:\/\/timetorhyme.co.uk\/pl\/wp-json\/wp\/v2\/users\/1"}],"replies":[{"embeddable":true,"href":"https:\/\/timetorhyme.co.uk\/pl\/wp-json\/wp\/v2\/comments?post=1696"}],"version-history":[{"count":1,"href":"https:\/\/timetorhyme.co.uk\/pl\/wp-json\/wp\/v2\/pages\/1696\/revisions"}],"predecessor-version":[{"id":1726,"href":"https:\/\/timetorhyme.co.uk\/pl\/wp-json\/wp\/v2\/pages\/1696\/revisions\/1726"}],"wp:attachment":[{"href":"https:\/\/timetorhyme.co.uk\/pl\/wp-json\/wp\/v2\/media?parent=1696"}],"curies":[{"name":"wp","href":"https:\/\/api.w.org\/{rel}","templated":true}]}}