{"id":1710,"date":"2023-06-02T05:41:04","date_gmt":"2023-06-02T05:41:04","guid":{"rendered":"https:\/\/timetorhyme.co.uk\/?page_id=1710"},"modified":"2024-06-05T12:08:55","modified_gmt":"2024-06-05T12:08:55","slug":"daty-z-historii-swiata","status":"publish","type":"page","link":"https:\/\/timetorhyme.co.uk\/pl\/daty-z-historii-swiata\/","title":{"rendered":"Daty z historii \u015awiata"},"content":{"rendered":"<p><div class=\"fusion-fullwidth fullwidth-box fusion-builder-row-1 fusion-flex-container nonhundred-percent-fullwidth non-hundred-percent-height-scrolling\" style=\"--awb-border-radius-top-left:0px;--awb-border-radius-top-right:0px;--awb-border-radius-bottom-right:0px;--awb-border-radius-bottom-left:0px;\" ><div class=\"fusion-builder-row fusion-row fusion-flex-align-items-flex-start\" style=\"max-width:1248px;margin-left: calc(-4% \/ 2 );margin-right: calc(-4% \/ 2 );\"><div class=\"fusion-layout-column fusion_builder_column fusion-builder-column-0 fusion_builder_column_2_5 2_5 fusion-flex-column\" style=\"--awb-bg-size:cover;--awb-width-large:40%;--awb-spacing-right-large:4.8%;--awb-spacing-left-large:4.8%;--awb-width-medium:40%;--awb-spacing-right-medium:4.8%;--awb-spacing-left-medium:4.8%;--awb-width-small:100%;--awb-spacing-right-small:1.92%;--awb-spacing-left-small:1.92%;\"><div class=\"fusion-column-wrapper fusion-column-has-shadow fusion-flex-justify-content-flex-start fusion-content-layout-column\"><div style=\"text-align:center;\"><a class=\"fusion-button button-flat button-xlarge button-default fusion-button-default button-1 fusion-button-span-no \" target=\"_self\" href=\"https:\/\/czytamimowiepopolsku.com\/gb\/tomasz-elbanowski\/daty-z-historii-swiata-w-wierszykach.html\"><span class=\"fusion-button-icon-divider button-icon-divider-left\"><i class=\"fa-cart-plus fas\" aria-hidden=\"true\"><\/i><\/span><span class=\"fusion-button-text fusion-button-text-left\">Zam\u00f3w ksi\u0105\u017ck\u0119<\/span><\/a><\/div><div class=\"fusion-separator fusion-full-width-sep\" style=\"align-self: center;margin-left: auto;margin-right: auto;margin-top:10px;margin-bottom:10px;width:100%;\"><\/div><div class=\"fusion-image-element \" style=\"text-align:center;\"><span class=\" fusion-imageframe imageframe-none imageframe-1 hover-type-none\"><img decoding=\"async\" src=\"https:\/\/wierszykidonauki.pl\/wp-content\/uploads\/2023\/03\/daty_swiata_mockup.png\" alt class=\"img-responsive\"\/><\/span><\/div><\/div><\/div><div class=\"fusion-layout-column fusion_builder_column fusion-builder-column-1 fusion_builder_column_3_5 3_5 fusion-flex-column\" style=\"--awb-bg-size:cover;--awb-width-large:60%;--awb-spacing-right-large:3.2%;--awb-spacing-left-large:3.2%;--awb-width-medium:60%;--awb-spacing-right-medium:3.2%;--awb-spacing-left-medium:3.2%;--awb-width-small:100%;--awb-spacing-right-small:1.92%;--awb-spacing-left-small:1.92%;\"><div class=\"fusion-column-wrapper fusion-column-has-shadow fusion-flex-justify-content-flex-start fusion-content-layout-column\"><div class=\"fusion-text fusion-text-1\" style=\"--awb-text-transform:none;\"><p>Wpadaj\u0105ce w ucho wierszyki o najwa\u017cniejszych wydarzeniach z historii \u015bwiata, ilustrowane pi\u0119knymi akwarelami Ma\u0142gorzaty Flis. Autor, z wykszta\u0142cenia historyk, opowiada o wydarzeniach w atrakcyjnej formie. Data jest w wierszyku zrymowana a przez to bardzo \u0142atwa do zapami\u0119tania. Pomaga uporz\u0105dkowa\u0107 wiedz\u0119 historyczn\u0105.<\/p>\n<p>Ksi\u0105\u017cka zawiera:<\/p>\n<ul>\n<li>32 ilustrowane wierszyki o najwa\u017cniejszych wydarzeniach z historii \u015bwiata, na rozk\u0142ad\u00f3wkach.<\/li>\n<li>dodatkowo: opis ka\u017cdego wydarzenia z ciekawostkami.<\/li>\n<li>twarda oprawa<\/li>\n<li>104 strony<\/li>\n<\/ul>\n<\/div><div class=\"fusion-title title fusion-title-1 fusion-sep-none fusion-title-center fusion-title-text fusion-title-size-two\" style=\"--awb-text-color:#8bc34a;--awb-margin-bottom:0px;--awb-margin-bottom-small:0px;--awb-font-size:22px;\"><h2 class=\"title-heading-center\" style=\"margin:0;font-size:1em;line-height:26px;\"><p style=\"text-align: center;\">\u00a314,99<\/p><\/h2><\/div><div class=\"fusion-title title fusion-title-2 fusion-sep-none fusion-title-center fusion-title-text fusion-title-size-two\" style=\"--awb-text-color:#7a7a7a;--awb-margin-bottom:10px;--awb-margin-bottom-small:0px;--awb-font-size:14px;\"><h2 class=\"title-heading-center\" style=\"margin:0;font-size:1em;line-height:16px;\"><p style=\"text-align: center;\">+ koszty wysy\u0142ki<\/p><\/h2><\/div><div style=\"text-align:center;\"><a class=\"fusion-button button-flat button-xlarge button-default fusion-button-default button-2 fusion-button-span-no \" target=\"_self\" href=\"https:\/\/czytamimowiepopolsku.com\/gb\/tomasz-elbanowski\/daty-z-historii-swiata-w-wierszykach.html\"><span class=\"fusion-button-icon-divider button-icon-divider-left\"><i class=\"fa-cart-plus fas\" aria-hidden=\"true\"><\/i><\/span><span class=\"fusion-button-text fusion-button-text-left\">Zam\u00f3w ksi\u0105\u017ck\u0119<\/span><\/a><\/div><\/div><\/div><\/div><\/div><div class=\"fusion-fullwidth fullwidth-box fusion-builder-row-2 fusion-flex-container nonhundred-percent-fullwidth non-hundred-percent-height-scrolling\" style=\"--awb-border-radius-top-left:0px;--awb-border-radius-top-right:0px;--awb-border-radius-bottom-right:0px;--awb-border-radius-bottom-left:0px;\" ><div class=\"fusion-builder-row fusion-row fusion-flex-align-items-flex-start\" style=\"max-width:1248px;margin-left: calc(-4% \/ 2 );margin-right: calc(-4% \/ 2 );\"><div class=\"fusion-layout-column fusion_builder_column fusion-builder-column-2 fusion_builder_column_1_1 1_1 fusion-flex-column\" style=\"--awb-bg-size:cover;--awb-width-large:100%;--awb-spacing-right-large:1.92%;--awb-spacing-left-large:1.92%;--awb-width-medium:100%;--awb-spacing-right-medium:1.92%;--awb-spacing-left-medium:1.92%;--awb-width-small:100%;--awb-spacing-right-small:1.92%;--awb-spacing-left-small:1.92%;\"><div class=\"fusion-column-wrapper fusion-column-has-shadow fusion-flex-justify-content-flex-start fusion-content-layout-column\"><\/div><\/div><div class=\"fusion-layout-column fusion_builder_column fusion-builder-column-3 fusion_builder_column_1_1 1_1 fusion-flex-column\" style=\"--awb-bg-size:cover;--awb-width-large:100%;--awb-spacing-right-large:1.92%;--awb-spacing-left-large:1.92%;--awb-width-medium:100%;--awb-spacing-right-medium:1.92%;--awb-spacing-left-medium:1.92%;--awb-width-small:100%;--awb-spacing-right-small:1.92%;--awb-spacing-left-small:1.92%;\"><div class=\"fusion-column-wrapper fusion-column-has-shadow fusion-flex-justify-content-flex-start fusion-content-layout-column\"><div class=\"fusion-testimonials clean fusion-testimonials-1\" style=\"--awb-textcolor:#333333;--awb-backgroundcolor:#ffffff;\" data-random=\"1\" data-speed=\"5000\"><div class=\"reviews\"><div class=\"review active-testimonial no-avatar\"><blockquote class=\"testimonials-shortcode-blockquote\"><q class=\"fusion-clearfix\">\n<p><span style=\"color: #333333;\">Ilustracje naprawd\u0119 znakomite. Weso\u0142e i dopasowane do dzieci, ale gustowne. Wida\u0107 profesjonaln\u0105 r\u0119k\u0119<br \/>\n<\/span><\/p>\n<\/q><\/blockquote><div class=\"author\"><span class=\"company-name\"><strong>Irka Ebelska<\/strong><\/span><\/div><\/div><div class=\"review no-avatar\"><blockquote class=\"testimonials-shortcode-blockquote\"><q class=\"fusion-clearfix\">\n<p><span style=\"color: #333333;\">Polecam wszystkim, ksi\u0105\u017ceczki s\u0105 super, obs\u0142uga idealna, jestem zachwycona, wszystkim polecam<br \/>\n<\/span><\/p>\n<\/q><\/blockquote><div class=\"author\"><span class=\"company-name\"><strong>Miros\u0142awa<\/strong><\/span><\/div><\/div><div class=\"review no-avatar\"><blockquote class=\"testimonials-shortcode-blockquote\"><q class=\"fusion-clearfix\">\n<p><span style=\"color: #333333;\">Genialne! Uwielbiamy!<br \/>\n<\/span><\/p>\n<\/q><\/blockquote><div class=\"author\"><span class=\"company-name\"><strong>Justyna<\/strong><\/span><\/div><\/div><\/div><div class=\"testimonial-pagination\" id=\"fusion-testimonials-1\"><a href=\"#\" aria-label=\"Testimonial Pagination\"  class=\"activeSlide\"><\/a><a href=\"#\" aria-label=\"Testimonial Pagination\" ><\/a><a href=\"#\" aria-label=\"Testimonial Pagination\" ><\/a><\/div><\/div><div class=\"fusion-image-element \" style=\"text-align:center;--awb-max-width:360px;\"><span class=\" fusion-imageframe imageframe-none imageframe-2 hover-type-none\"><img decoding=\"async\" src=\"https:\/\/wierszykidonauki.pl\/wp-content\/uploads\/2020\/03\/opinie-ortografia.jpg\" alt class=\"img-responsive\"\/><\/span><\/div><\/div><\/div><\/div><\/div><div class=\"fusion-fullwidth fullwidth-box fusion-builder-row-3 fusion-flex-container nonhundred-percent-fullwidth non-hundred-percent-height-scrolling\" style=\"--awb-border-radius-top-left:0px;--awb-border-radius-top-right:0px;--awb-border-radius-bottom-right:0px;--awb-border-radius-bottom-left:0px;\" ><div class=\"fusion-builder-row fusion-row fusion-flex-align-items-flex-start\" style=\"max-width:1248px;margin-left: calc(-4% \/ 2 );margin-right: calc(-4% \/ 2 );\"><div class=\"fusion-layout-column fusion_builder_column fusion-builder-column-4 fusion_builder_column_1_1 1_1 fusion-flex-column\" style=\"--awb-bg-size:cover;--awb-width-large:100%;--awb-spacing-right-large:1.92%;--awb-spacing-left-large:1.92%;--awb-width-medium:100%;--awb-spacing-right-medium:1.92%;--awb-spacing-left-medium:1.92%;--awb-width-small:100%;--awb-spacing-right-small:1.92%;--awb-spacing-left-small:1.92%;\"><div class=\"fusion-column-wrapper fusion-column-has-shadow fusion-flex-justify-content-flex-start fusion-content-layout-column\"><div class=\"fusion-text fusion-text-2\"><p style=\"text-align: center;\"><em><strong>Opinie Czytelnik\u00f3w z <a href=\"https:\/\/facebook.com\/wierszykidonauki\/\" target=\"_blank\" rel=\"noopener noreferrer\">FB\/wierszykidonauki<\/a><\/strong><\/em><\/p>\n<\/div><div class=\"fusion-separator fusion-full-width-sep\" style=\"align-self: center;margin-left: auto;margin-right: auto;margin-top:30px;margin-bottom:30px;width:100%;\"><div class=\"fusion-separator-border sep-single sep-solid\" style=\"border-color:var(--awb-color3);border-top-width:1px;\"><\/div><\/div><\/div><\/div><\/div><\/div><div class=\"fusion-fullwidth fullwidth-box fusion-builder-row-4 fusion-flex-container nonhundred-percent-fullwidth non-hundred-percent-height-scrolling\" style=\"--awb-border-radius-top-left:0px;--awb-border-radius-top-right:0px;--awb-border-radius-bottom-right:0px;--awb-border-radius-bottom-left:0px;\" ><div class=\"fusion-builder-row fusion-row fusion-flex-align-items-flex-start\" style=\"max-width:1248px;margin-left: calc(-4% \/ 2 );margin-right: calc(-4% \/ 2 );\"><div class=\"fusion-layout-column fusion_builder_column fusion-builder-column-5 fusion_builder_column_1_1 1_1 fusion-flex-column\" style=\"--awb-bg-size:cover;--awb-width-large:100%;--awb-spacing-right-large:1.92%;--awb-spacing-left-large:1.92%;--awb-width-medium:100%;--awb-spacing-right-medium:1.92%;--awb-spacing-left-medium:1.92%;--awb-width-small:100%;--awb-spacing-right-small:1.92%;--awb-spacing-left-small:1.92%;\"><div class=\"fusion-column-wrapper fusion-column-has-shadow fusion-flex-justify-content-flex-start fusion-content-layout-column\"><div class=\"fusion-text fusion-text-3\" style=\"--awb-text-transform:none;\"><p style=\"text-align: center;\"><em><strong>Zajrzyj do ksi\u0105\u017cki. Chwy\u0107 za\u00a0naro\u017cnik, aby przewr\u00f3ci\u0107 stron\u0119\u2026<\/strong><\/em><\/p>\n<\/div><div class=\"fusion-text fusion-text-4\" style=\"--awb-text-transform:none;\"><div class=\"outer\">\n<div id=\"flipbook\" class=\"flipbook\">\n<div class=\"page\"><img decoding=\"async\" draggable=\"false\" src=\"https:\/\/wierszykidonauki.pl\/wp-content\/themes\/wierszyki\/images\/daty_swiata_book\/okl-a.jpg\" alt=\"\" \/><\/div>\n<div class=\"page\"><img decoding=\"async\" draggable=\"false\" src=\"https:\/\/wierszykidonauki.pl\/wp-content\/themes\/wierszyki\/images\/daty_swiata_book\/1-a.jpg\" alt=\"\" \/><\/div>\n<div class=\"page\"><img decoding=\"async\" draggable=\"false\" src=\"https:\/\/wierszykidonauki.pl\/wp-content\/themes\/wierszyki\/images\/daty_swiata_book\/1-b.jpg\" alt=\"\" \/><\/div>\n<div class=\"page\"><img decoding=\"async\" draggable=\"false\" src=\"https:\/\/wierszykidonauki.pl\/wp-content\/themes\/wierszyki\/images\/daty_swiata_book\/2-a.jpg\" alt=\"\" \/><\/div>\n<div class=\"page\"><img decoding=\"async\" draggable=\"false\" src=\"https:\/\/wierszykidonauki.pl\/wp-content\/themes\/wierszyki\/images\/daty_swiata_book\/2-b.jpg\" alt=\"\" \/><\/div>\n<div class=\"page\"><img decoding=\"async\" draggable=\"false\" src=\"https:\/\/wierszykidonauki.pl\/wp-content\/themes\/wierszyki\/images\/daty_swiata_book\/3-a.jpg\" alt=\"\" \/><\/div>\n<div class=\"page\"><img decoding=\"async\" draggable=\"false\" src=\"https:\/\/wierszykidonauki.pl\/wp-content\/themes\/wierszyki\/images\/daty_swiata_book\/3-b.jpg\" alt=\"\" \/><\/div>\n<div class=\"page\"><img decoding=\"async\" draggable=\"false\" src=\"https:\/\/wierszykidonauki.pl\/wp-content\/themes\/wierszyki\/images\/daty_swiata_book\/4-a.jpg\" alt=\"\" \/><\/div>\n<div class=\"page\"><img decoding=\"async\" draggable=\"false\" src=\"https:\/\/wierszykidonauki.pl\/wp-content\/themes\/wierszyki\/images\/daty_swiata_book\/4-b.jpg\" alt=\"\" \/><\/div>\n<div class=\"page\"><img decoding=\"async\" draggable=\"false\" src=\"https:\/\/wierszykidonauki.pl\/wp-content\/themes\/wierszyki\/images\/daty_swiata_book\/okl-b.jpg\" alt=\"\" \/><\/div>\n<\/div>\n<\/div>\n<\/div><div class=\"fusion-separator fusion-full-width-sep\" style=\"align-self: center;margin-left: auto;margin-right: auto;margin-top:30px;margin-bottom:30px;width:100%;\"><div class=\"fusion-separator-border sep-single sep-solid\" style=\"border-color:var(--awb-color3);border-top-width:1px;\"><\/div><\/div><\/div><\/div><\/div><\/div><div class=\"fusion-fullwidth fullwidth-box fusion-builder-row-5 fusion-flex-container nonhundred-percent-fullwidth non-hundred-percent-height-scrolling\" style=\"--awb-border-radius-top-left:0px;--awb-border-radius-top-right:0px;--awb-border-radius-bottom-right:0px;--awb-border-radius-bottom-left:0px;\" ><div class=\"fusion-builder-row fusion-row fusion-flex-align-items-stretch\" style=\"max-width:1248px;margin-left: calc(-4% \/ 2 );margin-right: calc(-4% \/ 2 );\"><div class=\"fusion-layout-column fusion_builder_column fusion-builder-column-6 fusion_builder_column_1_4 1_4 fusion-flex-column\" style=\"--awb-bg-size:cover;--awb-width-large:25%;--awb-spacing-right-large:7.68%;--awb-spacing-left-large:7.68%;--awb-width-medium:25%;--awb-spacing-right-medium:7.68%;--awb-spacing-left-medium:7.68%;--awb-width-small:100%;--awb-spacing-right-small:1.92%;--awb-spacing-left-small:1.92%;\"><div class=\"fusion-column-wrapper fusion-column-has-shadow fusion-flex-justify-content-center fusion-content-layout-column\"><\/div><\/div><div class=\"fusion-layout-column fusion_builder_column fusion-builder-column-7 fusion_builder_column_1_4 1_4 fusion-flex-column\" style=\"--awb-bg-size:cover;--awb-width-large:25%;--awb-spacing-right-large:7.68%;--awb-spacing-left-large:7.68%;--awb-width-medium:25%;--awb-spacing-right-medium:7.68%;--awb-spacing-left-medium:7.68%;--awb-width-small:100%;--awb-spacing-right-small:1.92%;--awb-spacing-left-small:1.92%;\"><div class=\"fusion-column-wrapper fusion-column-has-shadow fusion-flex-justify-content-center fusion-content-layout-column\"><div class=\"fusion-image-element \" style=\"text-align:center;--awb-max-width:320px;\"><span class=\" fusion-imageframe imageframe-none imageframe-3 hover-type-none\"><img decoding=\"async\" src=\"https:\/\/wierszykidonauki.pl\/wp-content\/uploads\/2022\/11\/gutenberg.jpg\" alt class=\"img-responsive\"\/><\/span><\/div><\/div><\/div><div class=\"fusion-layout-column fusion_builder_column fusion-builder-column-8 fusion_builder_column_1_4 1_4 fusion-flex-column\" style=\"--awb-bg-size:cover;--awb-width-large:25%;--awb-spacing-right-large:7.68%;--awb-spacing-left-large:7.68%;--awb-width-medium:25%;--awb-spacing-right-medium:7.68%;--awb-spacing-left-medium:7.68%;--awb-width-small:100%;--awb-spacing-right-small:1.92%;--awb-spacing-left-small:1.92%;\"><div class=\"fusion-column-wrapper fusion-column-has-shadow fusion-flex-justify-content-center fusion-content-layout-column\"><div class=\"fusion-separator fusion-no-medium-visibility fusion-no-large-visibility fusion-full-width-sep\" style=\"align-self: center;margin-left: auto;margin-right: auto;margin-top:15px;margin-bottom:15px;width:100%;\"><\/div><div style=\"text-align:center;\"><a class=\"fusion-button button-flat button-xlarge button-default fusion-button-default button-3 fusion-button-span-no \" target=\"_self\" href=\"https:\/\/czytamimowiepopolsku.com\/gb\/tomasz-elbanowski\/daty-z-historii-swiata-w-wierszykach.html\"><span class=\"fusion-button-icon-divider button-icon-divider-left\"><i class=\"fa-cart-plus fas\" aria-hidden=\"true\"><\/i><\/span><span class=\"fusion-button-text fusion-button-text-left\">Zam\u00f3w ksi\u0105\u017ck\u0119<\/span><\/a><\/div><\/div><\/div><\/div><\/div><\/p>\n","protected":false},"excerpt":{"rendered":"","protected":false},"author":1,"featured_media":0,"parent":0,"menu_order":0,"comment_status":"closed","ping_status":"closed","template":"","meta":{"footnotes":""},"class_list":["post-1710","page","type-page","status-publish","hentry"],"_links":{"self":[{"href":"https:\/\/timetorhyme.co.uk\/pl\/wp-json\/wp\/v2\/pages\/1710","targetHints":{"allow":["GET"]}}],"collection":[{"href":"https:\/\/timetorhyme.co.uk\/pl\/wp-json\/wp\/v2\/pages"}],"about":[{"href":"https:\/\/timetorhyme.co.uk\/pl\/wp-json\/wp\/v2\/types\/page"}],"author":[{"embeddable":true,"href":"https:\/\/timetorhyme.co.uk\/pl\/wp-json\/wp\/v2\/users\/1"}],"replies":[{"embeddable":true,"href":"https:\/\/timetorhyme.co.uk\/pl\/wp-json\/wp\/v2\/comments?post=1710"}],"version-history":[{"count":1,"href":"https:\/\/timetorhyme.co.uk\/pl\/wp-json\/wp\/v2\/pages\/1710\/revisions"}],"predecessor-version":[{"id":1732,"href":"https:\/\/timetorhyme.co.uk\/pl\/wp-json\/wp\/v2\/pages\/1710\/revisions\/1732"}],"wp:attachment":[{"href":"https:\/\/timetorhyme.co.uk\/pl\/wp-json\/wp\/v2\/media?parent=1710"}],"curies":[{"name":"wp","href":"https:\/\/api.w.org\/{rel}","templated":true}]}}